{"id":1773,"date":"2024-03-14T12:24:39","date_gmt":"2024-03-14T12:24:39","guid":{"rendered":"https:\/\/silly-kilby.185-18-32-8.plesk.page\/?page_id=1773"},"modified":"2024-04-18T09:45:55","modified_gmt":"2024-04-18T09:45:55","slug":"content-user-policy","status":"publish","type":"page","link":"https:\/\/eiyudenchronicle.com\/deu\/content-user-policy\/","title":{"rendered":"Richtlinie zur Inhaltsnutzung"},"content":{"rendered":"<p>&nbsp;<\/p>\n<p>&nbsp;<\/p>\n<p>&nbsp;<\/p>\n<p style=\"padding-left: 40px;\">505 Games und Rabbit &amp; Bear Studios Richtlinie zur Inhaltsnutzung<\/p>\n<p style=\"padding-left: 40px;\">505 Games sch\u00e4tzt es sehr, wenn Fans die Inhalte unserer Spiele, wie Videos, Bilder und Screenshots, online teilen. Wir m\u00f6chten dich jedoch bitten, einige wichtige Vorgaben, die in dieser Richtlinie zur Inhaltsnutzung dargelegt sind, insbesondere in Bezug auf Eiyuden Chronicle Hundred Heroes, Eiyuden Chronicle Rising sowie auf das Eiyuden ChronicleFranchise und die Marke, zu beachten.<\/p>\n<p style=\"padding-left: 40px;\">505 Games und Rabbit &amp; Bear Studios behalten sich das Recht vor, jegliche Nutzung der Inhaltsmaterialien anzufechten und bei externen Hosts, die solche Inhalte bereitstellen, eine Entfernung dieser Inhalte zu beantragen. Im Folgenden sind die \u00fcbergeordneten Regeln aufgef\u00fchrt, die unsere Entscheidungen beeinflussen:<\/p>\n<p style=\"padding-left: 40px;\">Bilder und Videos in Bezug auf Eiyuden Chronicle d\u00fcrfen f\u00fcr folgende Zwecke verwendet werden:<\/p>\n<ol>\n<li style=\"list-style-type: none;\">\n<ol>\n<li>Teilen von Videos, einschlie\u00dflich solchen mit Hintergrundmusik, f\u00fcr nichtkommerzielle Zwecke auf VideoSharingPlattformen wie YouTube, Twitch, Facebook, TikTok und Instagram und sonstigen. Es ist nicht gestattet, Geb\u00fchren f\u00fcr das Ansehen oder den Zugriff auf Inhaltsmaterialien zu erheben. Eine Monetarisierung durch Werbung auf von Plattformen betriebenen Programmen (z. B. YouTube, Twitch usw.) ist jedoch erlaubt.<\/li>\n<\/ol>\n<\/li>\n<\/ol>\n<ol>\n<li style=\"list-style-type: none;\">\n<ol start=\"2\">\n<li>Das Teilen von Bildern und VideoURLs f\u00fcr nichtkommerzielle Zwecke auf pers\u00f6nlichen Homepages, Blogs und sozialen Netzwerkdiensten ist erlaubt. Das Teilen auf Unternehmens oder OrganisationsHomepages, Blogs oder sozialen Netzwerkdiensten (die nicht Eigentum einer Einzelperson sind) gilt jedoch als kommerzielle Nutzung und ist nicht gestattet.<\/li>\n<\/ol>\n<\/li>\n<\/ol>\n<p style=\"padding-left: 40px;\">Allgemeiner Leitfaden zum Teilen des Inhalts:<\/p>\n<ul>\n<li style=\"list-style-type: none;\">\n<ul>\n<li data-leveltext=\"-\" data-font=\"Aptos\" data-listid=\"4\" data-list-defn-props=\"{&quot;335551671&quot;:0,&quot;335552541&quot;:1,&quot;335559685&quot;:720,&quot;335559991&quot;:360,&quot;469769226&quot;:&quot;Aptos&quot;,&quot;469769242&quot;:[8226],&quot;469777803&quot;:&quot;left&quot;,&quot;469777804&quot;:&quot;-&quot;,&quot;469777815&quot;:&quot;hybridMultilevel&quot;}\" aria-setsize=\"-1\" data-aria-posinset=\"0\" data-aria-level=\"1\">Vermeide Spoiler: Markiere Inhalte, die wichtige Details zur Handlung enthalten, mit klaren SpoilerWarnungen, um anderen Spielern den Spa\u00df nicht zu verderben.<\/li>\n<li data-leveltext=\"-\" data-font=\"Aptos\" data-listid=\"4\" data-list-defn-props=\"{&quot;335551671&quot;:0,&quot;335552541&quot;:1,&quot;335559685&quot;:720,&quot;335559991&quot;:360,&quot;469769226&quot;:&quot;Aptos&quot;,&quot;469769242&quot;:[8226],&quot;469777803&quot;:&quot;left&quot;,&quot;469777804&quot;:&quot;-&quot;,&quot;469777815&quot;:&quot;hybridMultilevel&quot;}\" aria-setsize=\"-1\" data-aria-posinset=\"0\" data-aria-level=\"1\">Achte bei jeder Plattform auf Abschnitte, in denen keine Aufnahmen erlaubt sind (das Ende ausgenommen).<\/li>\n<li data-leveltext=\"-\" data-font=\"Aptos\" data-listid=\"4\" data-list-defn-props=\"{&quot;335551671&quot;:0,&quot;335552541&quot;:1,&quot;335559685&quot;:720,&quot;335559991&quot;:360,&quot;469769226&quot;:&quot;Aptos&quot;,&quot;469769242&quot;:[8226],&quot;469777803&quot;:&quot;left&quot;,&quot;469777804&quot;:&quot;-&quot;,&quot;469777815&quot;:&quot;hybridMultilevel&quot;}\" aria-setsize=\"-1\" data-aria-posinset=\"0\" data-aria-level=\"1\">Das Erstellen von bearbeiteten Videoinhalten oder Playlists, die ausschlie\u00dflich Filmszenen oder Musik aus dem Spiel enthalten, ist untersagt.<\/li>\n<li data-leveltext=\"-\" data-font=\"Aptos\" data-listid=\"4\" data-list-defn-props=\"{&quot;335551671&quot;:0,&quot;335552541&quot;:1,&quot;335559685&quot;:720,&quot;335559991&quot;:360,&quot;469769226&quot;:&quot;Aptos&quot;,&quot;469769242&quot;:[8226],&quot;469777803&quot;:&quot;left&quot;,&quot;469777804&quot;:&quot;-&quot;,&quot;469777815&quot;:&quot;hybridMultilevel&quot;}\" aria-setsize=\"-1\" data-aria-posinset=\"0\" data-aria-level=\"1\">Bis auf das Hinzuf\u00fcgen von Avataren, VoiceOvers, Texten und anderen Standardelementen, die dann geteilt werden, d\u00fcrfen keine Spielinhalte ver\u00e4ndert oder modifiziert werden.<\/li>\n<li data-leveltext=\"-\" data-font=\"Aptos\" data-listid=\"4\" data-list-defn-props=\"{&quot;335551671&quot;:0,&quot;335552541&quot;:1,&quot;335559685&quot;:720,&quot;335559991&quot;:360,&quot;469769226&quot;:&quot;Aptos&quot;,&quot;469769242&quot;:[8226],&quot;469777803&quot;:&quot;left&quot;,&quot;469777804&quot;:&quot;-&quot;,&quot;469777815&quot;:&quot;hybridMultilevel&quot;}\" aria-setsize=\"-1\" data-aria-posinset=\"0\" data-aria-level=\"1\">Geteilte Inhalte d\u00fcrfen nicht \u00fcber den in diesen Richtlinien festgelegten Rahmen hinaus repliziert werden, beispielsweise in Buchform.<\/li>\n<li data-leveltext=\"-\" data-font=\"Aptos\" data-listid=\"4\" data-list-defn-props=\"{&quot;335551671&quot;:0,&quot;335552541&quot;:1,&quot;335559685&quot;:720,&quot;335559991&quot;:360,&quot;469769226&quot;:&quot;Aptos&quot;,&quot;469769242&quot;:[8226],&quot;469777803&quot;:&quot;left&quot;,&quot;469777804&quot;:&quot;-&quot;,&quot;469777815&quot;:&quot;hybridMultilevel&quot;}\" aria-setsize=\"-1\" data-aria-posinset=\"0\" data-aria-level=\"1\">Vermeide es, Inhaltsmaterialien von 505 Games mit anderen zu kombinieren, damit keine Verwirrung \u00fcber die Eigentumsrechte an den Inhalten entsteht.<\/li>\n<li data-leveltext=\"-\" data-font=\"Aptos\" data-listid=\"4\" data-list-defn-props=\"{&quot;335551671&quot;:0,&quot;335552541&quot;:1,&quot;335559685&quot;:720,&quot;335559991&quot;:360,&quot;469769226&quot;:&quot;Aptos&quot;,&quot;469769242&quot;:[8226],&quot;469777803&quot;:&quot;left&quot;,&quot;469777804&quot;:&quot;-&quot;,&quot;469777815&quot;:&quot;hybridMultilevel&quot;}\" aria-setsize=\"-1\" data-aria-posinset=\"0\" data-aria-level=\"1\">Gib klar und deutlich an, wenn inoffizielle Inhalte nicht von 505 Games gesponsert oder unterst\u00fctzt werden.<\/li>\n<\/ul>\n<\/li>\n<\/ul>\n<ul>\n<li style=\"list-style-type: none;\">\n<ul>\n<li data-leveltext=\"-\" data-font=\"Aptos\" data-listid=\"4\" data-list-defn-props=\"{&quot;335551671&quot;:0,&quot;335552541&quot;:1,&quot;335559685&quot;:720,&quot;335559991&quot;:360,&quot;469769226&quot;:&quot;Aptos&quot;,&quot;469769242&quot;:[8226],&quot;469777803&quot;:&quot;left&quot;,&quot;469777804&quot;:&quot;-&quot;,&quot;469777815&quot;:&quot;hybridMultilevel&quot;}\" aria-setsize=\"-1\" data-aria-posinset=\"0\" data-aria-level=\"1\">Vermeide es, Inhaltsmaterialien auf kostenpflichtigen Websites oder Diensten zu teilen.<\/li>\n<li data-leveltext=\"-\" data-font=\"Aptos\" data-listid=\"4\" data-list-defn-props=\"{&quot;335551671&quot;:0,&quot;335552541&quot;:1,&quot;335559685&quot;:720,&quot;335559991&quot;:360,&quot;469769226&quot;:&quot;Aptos&quot;,&quot;469769242&quot;:[8226],&quot;469777803&quot;:&quot;left&quot;,&quot;469777804&quot;:&quot;-&quot;,&quot;469777815&quot;:&quot;hybridMultilevel&quot;}\" aria-setsize=\"-1\" data-aria-posinset=\"0\" data-aria-level=\"1\">Inhaltsmaterialien d\u00fcrfen nicht f\u00fcr kommerzielle Zwecke, au\u00dfer im Rahmen von Partnerprogrammen, die von YouTube, Twitch oder \u00e4hnlichen Plattformen betrieben werden, verwendet werden. Verweise alle Programmbetreiber, die eine Best\u00e4tigung unserer Richtlinien w\u00fcnschen, auf diesen Leitfaden. Individuelle Anfragen werden von 505 GAMES nicht ber\u00fccksichtigt.<\/li>\n<li data-leveltext=\"-\" data-font=\"Aptos\" data-listid=\"4\" data-list-defn-props=\"{&quot;335551671&quot;:0,&quot;335552541&quot;:1,&quot;335559685&quot;:720,&quot;335559991&quot;:360,&quot;469769226&quot;:&quot;Aptos&quot;,&quot;469769242&quot;:[8226],&quot;469777803&quot;:&quot;left&quot;,&quot;469777804&quot;:&quot;-&quot;,&quot;469777815&quot;:&quot;hybridMultilevel&quot;}\" aria-setsize=\"-1\" data-aria-posinset=\"0\" data-aria-level=\"1\">Unterlasse das Teilen von Inhaltsmaterialien auf Websites oder Diensten, die f\u00fcr Personen ab 18 Jahren bestimmt sind, sowie auf illegalen oder unmoralischen Websites und auf Plattformen, die mit religi\u00f6sen, politischen oder asozialen Aktivit\u00e4ten in Zusammenhang stehen.<\/li>\n<li data-leveltext=\"-\" data-font=\"Aptos\" data-listid=\"4\" data-list-defn-props=\"{&quot;335551671&quot;:0,&quot;335552541&quot;:1,&quot;335559685&quot;:720,&quot;335559991&quot;:360,&quot;469769226&quot;:&quot;Aptos&quot;,&quot;469769242&quot;:[8226],&quot;469777803&quot;:&quot;left&quot;,&quot;469777804&quot;:&quot;-&quot;,&quot;469777815&quot;:&quot;hybridMultilevel&quot;}\" aria-setsize=\"-1\" data-aria-posinset=\"0\" data-aria-level=\"1\">Beleidige andere Spieler nicht.<\/li>\n<li data-leveltext=\"-\" data-font=\"Aptos\" data-listid=\"4\" data-list-defn-props=\"{&quot;335551671&quot;:0,&quot;335552541&quot;:1,&quot;335559685&quot;:720,&quot;335559991&quot;:360,&quot;469769226&quot;:&quot;Aptos&quot;,&quot;469769242&quot;:[8226],&quot;469777803&quot;:&quot;left&quot;,&quot;469777804&quot;:&quot;-&quot;,&quot;469777815&quot;:&quot;hybridMultilevel&quot;}\" aria-setsize=\"-1\" data-aria-posinset=\"0\" data-aria-level=\"1\">Du musst jeder L\u00f6schungsanfrage von 505 Games und Rabbit &amp; Bear Studios unabh\u00e4ngig vom angegebenen Grund umgehend nachkommen.<\/li>\n<li data-leveltext=\"-\" data-font=\"Aptos\" data-listid=\"4\" data-list-defn-props=\"{&quot;335551671&quot;:0,&quot;335552541&quot;:1,&quot;335559685&quot;:720,&quot;335559991&quot;:360,&quot;469769226&quot;:&quot;Aptos&quot;,&quot;469769242&quot;:[8226],&quot;469777803&quot;:&quot;left&quot;,&quot;469777804&quot;:&quot;-&quot;,&quot;469777815&quot;:&quot;hybridMultilevel&quot;}\" aria-setsize=\"-1\" data-aria-posinset=\"0\" data-aria-level=\"1\">Hole die Zustimmung der Spieler ein, bevor du Inhalte teilst, in denen die Namen anderer Spieler sichtbar sind. Wenn eine Einwilligung nicht m\u00f6glich ist, kannst du Namen verpixeln oder mit anderen Mitteln unkenntlich machen.<\/li>\n<li data-leveltext=\"-\" data-font=\"Aptos\" data-listid=\"4\" data-list-defn-props=\"{&quot;335551671&quot;:0,&quot;335552541&quot;:1,&quot;335559685&quot;:720,&quot;335559991&quot;:360,&quot;469769226&quot;:&quot;Aptos&quot;,&quot;469769242&quot;:[8226],&quot;469777803&quot;:&quot;left&quot;,&quot;469777804&quot;:&quot;-&quot;,&quot;469777815&quot;:&quot;hybridMultilevel&quot;}\" aria-setsize=\"-1\" data-aria-posinset=\"0\" data-aria-level=\"1\">Teile kein Gameplay, das die Identit\u00e4t anderer Spieler preisgibt.<\/li>\n<li data-leveltext=\"-\" data-font=\"Aptos\" data-listid=\"4\" data-list-defn-props=\"{&quot;335551671&quot;:0,&quot;335552541&quot;:1,&quot;335559685&quot;:720,&quot;335559991&quot;:360,&quot;469769226&quot;:&quot;Aptos&quot;,&quot;469769242&quot;:[8226],&quot;469777803&quot;:&quot;left&quot;,&quot;469777804&quot;:&quot;-&quot;,&quot;469777815&quot;:&quot;hybridMultilevel&quot;}\" aria-setsize=\"-1\" data-aria-posinset=\"0\" data-aria-level=\"1\">Teile deine Identit\u00e4t oder pers\u00f6nlichen Daten auf eigenes Risiko. 505 Games und Rabbit &amp; Bear Studios geben keine Gew\u00e4hrleistung oder Garantie hinsichtlich des Inhalts und \u00fcbernehmen f\u00fcr daraus resultierende Sch\u00e4den oder Verletzungen keine Verantwortung.<\/li>\n<li data-leveltext=\"-\" data-font=\"Aptos\" data-listid=\"4\" data-list-defn-props=\"{&quot;335551671&quot;:0,&quot;335552541&quot;:1,&quot;335559685&quot;:720,&quot;335559991&quot;:360,&quot;469769226&quot;:&quot;Aptos&quot;,&quot;469769242&quot;:[8226],&quot;469777803&quot;:&quot;left&quot;,&quot;469777804&quot;:&quot;-&quot;,&quot;469777815&quot;:&quot;hybridMultilevel&quot;}\" aria-setsize=\"-1\" data-aria-posinset=\"0\" data-aria-level=\"1\">Streitigkeiten mit Dritten, die sich aus deiner Nutzung der Inhalte ergeben, m\u00fcssen auf eigene Verantwortung und Kosten beigelegt werden.<\/li>\n<\/ul>\n<\/li>\n<\/ul>\n<p style=\"padding-left: 40px;\">Die Nichteinhaltung dieser Richtlinien kann dazu f\u00fchren, dass 505 Games Einw\u00e4nde gegen die Nutzung der Inhaltsmaterialien erhebt und dich vor\u00fcbergehend oder dauerhaft von der Nutzung des Spiels sperrt. 505 Games beh\u00e4lt sich das Recht vor, diese Richtlinien nach eigenem Ermessen und ohne vorherige Ank\u00fcndigung zu \u00e4ndern, und Benutzer k\u00f6nnen dazu aufgefordert werden, Inhalte zu entfernen, die nicht mehr den aktuellen Richtlinien entsprechen.<\/p>","protected":false},"excerpt":{"rendered":"<p>&nbsp; &nbsp; &nbsp; 505 Games and Rabbit &#038; Bear Studios\u00a0Content Usage Policy 505 Games appreciates and values fans sharing content from our games, such as videos, images, and screenshots online. However, we kindly request your consideration of a few important guidelines, as outlined in this Material Usage Policy specifically in regard to Eiyuden Chronicle Hundred [&hellip;]<\/p>","protected":false},"author":5,"featured_media":0,"parent":0,"menu_order":0,"comment_status":"closed","ping_status":"closed","template":"template-page-builder.php","meta":{"_acf_changed":false,"footnotes":""},"class_list":["post-1773","page","type-page","status-publish","hentry"],"acf":[],"yoast_head":"<!-- This site is optimized with the Yoast SEO plugin v25.3.1 - https:\/\/yoast.com\/wordpress\/plugins\/seo\/ -->\n<title>Content User Policy - Eiyuden Chronicle - \u767e\u82f1\u96c4\u4f1d<\/title>\n<meta name=\"robots\" content=\"index, follow, max-snippet:-1, max-image-preview:large, max-video-preview:-1\" \/>\n<link rel=\"canonical\" href=\"https:\/\/eiyudenchronicle.com\/deu\/content-user-policy\/\" \/>\n<meta property=\"og:locale\" content=\"de_DE\" \/>\n<meta property=\"og:type\" content=\"article\" \/>\n<meta property=\"og:title\" content=\"Content User Policy - Eiyuden Chronicle - \u767e\u82f1\u96c4\u4f1d\" \/>\n<meta property=\"og:description\" content=\"&nbsp; &nbsp; &nbsp; 505 Games and Rabbit &#038; Bear Studios\u00a0Content Usage Policy 505 Games appreciates and values fans sharing content from our games, such as videos, images, and screenshots online. However, we kindly request your consideration of a few important guidelines, as outlined in this Material Usage Policy specifically in regard to Eiyuden Chronicle Hundred [&hellip;]\" \/>\n<meta property=\"og:url\" content=\"https:\/\/eiyudenchronicle.com\/deu\/content-user-policy\/\" \/>\n<meta property=\"og:site_name\" content=\"Eiyuden Chronicle - \u767e\u82f1\u96c4\u4f1d\" \/>\n<meta property=\"article:modified_time\" content=\"2024-04-18T09:45:55+00:00\" \/>\n<meta name=\"twitter:card\" content=\"summary_large_image\" \/>\n<meta name=\"twitter:label1\" content=\"Gesch\u00e4tzte Lesezeit\" \/>\n\t<meta name=\"twitter:data1\" content=\"3\u00a0Minuten\" \/>\n<script type=\"application\/ld+json\" class=\"yoast-schema-graph\">{\"@context\":\"https:\/\/schema.org\",\"@graph\":[{\"@type\":\"WebPage\",\"@id\":\"https:\/\/eiyudenchronicle.com\/content-user-policy\/\",\"url\":\"https:\/\/eiyudenchronicle.com\/content-user-policy\/\",\"name\":\"Content User Policy - Eiyuden Chronicle - \u767e\u82f1\u96c4\u4f1d\",\"isPartOf\":{\"@id\":\"https:\/\/eiyudenchronicle.com\/#website\"},\"datePublished\":\"2024-03-14T12:24:39+00:00\",\"dateModified\":\"2024-04-18T09:45:55+00:00\",\"breadcrumb\":{\"@id\":\"https:\/\/eiyudenchronicle.com\/content-user-policy\/#breadcrumb\"},\"inLanguage\":\"de\",\"potentialAction\":[{\"@type\":\"ReadAction\",\"target\":[\"https:\/\/eiyudenchronicle.com\/content-user-policy\/\"]}]},{\"@type\":\"BreadcrumbList\",\"@id\":\"https:\/\/eiyudenchronicle.com\/content-user-policy\/#breadcrumb\",\"itemListElement\":[{\"@type\":\"ListItem\",\"position\":1,\"name\":\"Home\",\"item\":\"https:\/\/eiyudenchronicle.com\/\"},{\"@type\":\"ListItem\",\"position\":2,\"name\":\"Content User Policy\"}]},{\"@type\":\"WebSite\",\"@id\":\"https:\/\/eiyudenchronicle.com\/#website\",\"url\":\"https:\/\/eiyudenchronicle.com\/\",\"name\":\"Eiyuden Chronicle\",\"description\":\"\",\"publisher\":{\"@id\":\"https:\/\/eiyudenchronicle.com\/#organization\"},\"potentialAction\":[{\"@type\":\"SearchAction\",\"target\":{\"@type\":\"EntryPoint\",\"urlTemplate\":\"https:\/\/eiyudenchronicle.com\/?s={search_term_string}\"},\"query-input\":{\"@type\":\"PropertyValueSpecification\",\"valueRequired\":true,\"valueName\":\"search_term_string\"}}],\"inLanguage\":\"de\"},{\"@type\":\"Organization\",\"@id\":\"https:\/\/eiyudenchronicle.com\/#organization\",\"name\":\"Eiyuden Chronicles\",\"url\":\"https:\/\/eiyudenchronicle.com\/\",\"logo\":{\"@type\":\"ImageObject\",\"inLanguage\":\"de\",\"@id\":\"https:\/\/eiyudenchronicle.com\/#\/schema\/logo\/image\/\",\"url\":\"https:\/\/eiyudenchronicle.com\/wp-content\/uploads\/2021\/06\/Announce.png\",\"contentUrl\":\"https:\/\/eiyudenchronicle.com\/wp-content\/uploads\/2021\/06\/Announce.png\",\"width\":1920,\"height\":753,\"caption\":\"Eiyuden Chronicles\"},\"image\":{\"@id\":\"https:\/\/eiyudenchronicle.com\/#\/schema\/logo\/image\/\"}}]}<\/script>\n<!-- \/ Yoast SEO plugin. -->","yoast_head_json":{"title":"Content User Policy - Eiyuden Chronicle - \u767e\u82f1\u96c4\u4f1d","robots":{"index":"index","follow":"follow","max-snippet":"max-snippet:-1","max-image-preview":"max-image-preview:large","max-video-preview":"max-video-preview:-1"},"canonical":"https:\/\/eiyudenchronicle.com\/deu\/content-user-policy\/","og_locale":"de_DE","og_type":"article","og_title":"Content User Policy - Eiyuden Chronicle - \u767e\u82f1\u96c4\u4f1d","og_description":"&nbsp; &nbsp; &nbsp; 505 Games and Rabbit &#038; Bear Studios\u00a0Content Usage Policy 505 Games appreciates and values fans sharing content from our games, such as videos, images, and screenshots online. However, we kindly request your consideration of a few important guidelines, as outlined in this Material Usage Policy specifically in regard to Eiyuden Chronicle Hundred [&hellip;]","og_url":"https:\/\/eiyudenchronicle.com\/deu\/content-user-policy\/","og_site_name":"Eiyuden Chronicle - \u767e\u82f1\u96c4\u4f1d","article_modified_time":"2024-04-18T09:45:55+00:00","twitter_card":"summary_large_image","twitter_misc":{"Gesch\u00e4tzte Lesezeit":"3\u00a0Minuten"},"schema":{"@context":"https:\/\/schema.org","@graph":[{"@type":"WebPage","@id":"https:\/\/eiyudenchronicle.com\/content-user-policy\/","url":"https:\/\/eiyudenchronicle.com\/content-user-policy\/","name":"Content User Policy - Eiyuden Chronicle - \u767e\u82f1\u96c4\u4f1d","isPartOf":{"@id":"https:\/\/eiyudenchronicle.com\/#website"},"datePublished":"2024-03-14T12:24:39+00:00","dateModified":"2024-04-18T09:45:55+00:00","breadcrumb":{"@id":"https:\/\/eiyudenchronicle.com\/content-user-policy\/#breadcrumb"},"inLanguage":"de","potentialAction":[{"@type":"ReadAction","target":["https:\/\/eiyudenchronicle.com\/content-user-policy\/"]}]},{"@type":"BreadcrumbList","@id":"https:\/\/eiyudenchronicle.com\/content-user-policy\/#breadcrumb","itemListElement":[{"@type":"ListItem","position":1,"name":"Home","item":"https:\/\/eiyudenchronicle.com\/"},{"@type":"ListItem","position":2,"name":"Content User Policy"}]},{"@type":"WebSite","@id":"https:\/\/eiyudenchronicle.com\/#website","url":"https:\/\/eiyudenchronicle.com\/","name":"Eiyuden Chronicle","description":"","publisher":{"@id":"https:\/\/eiyudenchronicle.com\/#organization"},"potentialAction":[{"@type":"SearchAction","target":{"@type":"EntryPoint","urlTemplate":"https:\/\/eiyudenchronicle.com\/?s={search_term_string}"},"query-input":{"@type":"PropertyValueSpecification","valueRequired":true,"valueName":"search_term_string"}}],"inLanguage":"de"},{"@type":"Organization","@id":"https:\/\/eiyudenchronicle.com\/#organization","name":"Eiyuden Chronicles","url":"https:\/\/eiyudenchronicle.com\/","logo":{"@type":"ImageObject","inLanguage":"de","@id":"https:\/\/eiyudenchronicle.com\/#\/schema\/logo\/image\/","url":"https:\/\/eiyudenchronicle.com\/wp-content\/uploads\/2021\/06\/Announce.png","contentUrl":"https:\/\/eiyudenchronicle.com\/wp-content\/uploads\/2021\/06\/Announce.png","width":1920,"height":753,"caption":"Eiyuden Chronicles"},"image":{"@id":"https:\/\/eiyudenchronicle.com\/#\/schema\/logo\/image\/"}}]}},"_links":{"self":[{"href":"https:\/\/eiyudenchronicle.com\/deu\/wp-json\/wp\/v2\/pages\/1773","targetHints":{"allow":["GET"]}}],"collection":[{"href":"https:\/\/eiyudenchronicle.com\/deu\/wp-json\/wp\/v2\/pages"}],"about":[{"href":"https:\/\/eiyudenchronicle.com\/deu\/wp-json\/wp\/v2\/types\/page"}],"author":[{"embeddable":true,"href":"https:\/\/eiyudenchronicle.com\/deu\/wp-json\/wp\/v2\/users\/5"}],"replies":[{"embeddable":true,"href":"https:\/\/eiyudenchronicle.com\/deu\/wp-json\/wp\/v2\/comments?post=1773"}],"version-history":[{"count":13,"href":"https:\/\/eiyudenchronicle.com\/deu\/wp-json\/wp\/v2\/pages\/1773\/revisions"}],"predecessor-version":[{"id":2215,"href":"https:\/\/eiyudenchronicle.com\/deu\/wp-json\/wp\/v2\/pages\/1773\/revisions\/2215"}],"wp:attachment":[{"href":"https:\/\/eiyudenchronicle.com\/deu\/wp-json\/wp\/v2\/media?parent=1773"}],"curies":[{"name":"wp","href":"https:\/\/api.w.org\/{rel}","templated":true}]}}