{"id":1773,"date":"2024-03-14T12:24:39","date_gmt":"2024-03-14T12:24:39","guid":{"rendered":"https:\/\/silly-kilby.185-18-32-8.plesk.page\/?page_id=1773"},"modified":"2024-04-18T09:45:55","modified_gmt":"2024-04-18T09:45:55","slug":"content-user-policy","status":"publish","type":"page","link":"https:\/\/eiyudenchronicle.com\/esp\/content-user-policy\/","title":{"rendered":"Pol\u00edtica de contenido de usuario"},"content":{"rendered":"<p>&nbsp;<\/p>\n<p>&nbsp;<\/p>\n<p>&nbsp;<\/p>\n<p style=\"padding-left: 40px;\">505 Games y Rabbit &amp; Bear Studios \u00a0\u00a0Pol\u00edtica de uso de contenido<\/p>\n<p style=\"padding-left: 40px;\">505 Games agradece y valora que los aficionados compartan en Internet contenidos de nuestros juegos, tales como v\u00eddeos, im\u00e1genes y capturas de pantalla.. Sin embargo, hemos marcado unas directrices que os pedimos que cumpl\u00e1is, tal y como se detalla en la Pol\u00edtica de uso de materiales, al respecto de Eiyuden Chronicle Hundred Heroes, Eiyuden Chronicle Rising y la marca y franquicia Eiyuden Chronicle.<\/p>\n<p style=\"padding-left: 40px;\">505 Games y Rabbit &amp; Bear Studios se guardan la autoridad para rebatir cualquier uso que se haga de los materiales y podr\u00e1 solicitar su retirada en servicios externos en los que se muestre dicho contenido. A continuaci\u00f3n os dejamos unas reglas generales que ser\u00e1n las que determinen nuestras decisiones:<\/p>\n<p style=\"padding-left: 40px;\">El uso aceptable de im\u00e1genes y v\u00eddeos de Eiyuden Chronicle es el siguiente:<\/p>\n<ol>\n<li style=\"list-style-type: none;\">\n<ol>\n<li>Compartir v\u00eddeos, incluso aquellos que contengan m\u00fasica de fondo, para prop\u00f3sitos no comerciales en plataformas de compartici\u00f3n de v\u00eddeo tales como YouTube, Twitch, Facebook, TikTok o Instagram, entre otras. Est\u00e1 prohibido cobrar cuota alguna por ver o acceder a cualquiera de los materiales. No obstante, s\u00ed se permite la monetizaci\u00f3n publicitaria a trav\u00e9s de los programas de las plataformas (por ejemplo, YouTube, Twitch, etc\u00e9tera).<\/li>\n<\/ol>\n<\/li>\n<\/ol>\n<ol>\n<li style=\"list-style-type: none;\">\n<ol start=\"2\">\n<li>Est\u00e1 permitido compartir im\u00e1genes y direcciones de v\u00eddeos para usos no personales en p\u00e1ginas webs personales, blogs y servicios de redes sociales. Sin embargo, compartir dicho contenido en p\u00e1ginas web, blogs o servicios de redes sociales de empresas u organizaciones (que no pertenezcan a un individuo) estar\u00e1 considerado uso comercial y no est\u00e1 permitido.<\/li>\n<\/ol>\n<\/li>\n<\/ol>\n<p style=\"padding-left: 40px;\">Gu\u00eda general de contenido:<\/p>\n<ul>\n<li style=\"list-style-type: none;\">\n<ul>\n<li data-leveltext=\"-\" data-font=\"Aptos\" data-listid=\"4\" data-list-defn-props=\"{&quot;335551671&quot;:0,&quot;335552541&quot;:1,&quot;335559685&quot;:720,&quot;335559991&quot;:360,&quot;469769226&quot;:&quot;Aptos&quot;,&quot;469769242&quot;:[8226],&quot;469777803&quot;:&quot;left&quot;,&quot;469777804&quot;:&quot;-&quot;,&quot;469777815&quot;:&quot;hybridMultilevel&quot;}\" aria-setsize=\"-1\" data-aria-posinset=\"0\" data-aria-level=\"1\">Evita los destripes: Marca, de forma bien clara, el contenido que pueda presentar detalles importantes del argumento, con el fin de respetar que los dem\u00e1s jugadores puedan disfrutar del juego a su manera.<\/li>\n<li data-leveltext=\"-\" data-font=\"Aptos\" data-listid=\"4\" data-list-defn-props=\"{&quot;335551671&quot;:0,&quot;335552541&quot;:1,&quot;335559685&quot;:720,&quot;335559991&quot;:360,&quot;469769226&quot;:&quot;Aptos&quot;,&quot;469769242&quot;:[8226],&quot;469777803&quot;:&quot;left&quot;,&quot;469777804&quot;:&quot;-&quot;,&quot;469777815&quot;:&quot;hybridMultilevel&quot;}\" aria-setsize=\"-1\" data-aria-posinset=\"0\" data-aria-level=\"1\">Respeta las secciones que no se pueden grabar, salvo el final, en la plataforma que se est\u00e9 utilizando.<\/li>\n<li data-leveltext=\"-\" data-font=\"Aptos\" data-listid=\"4\" data-list-defn-props=\"{&quot;335551671&quot;:0,&quot;335552541&quot;:1,&quot;335559685&quot;:720,&quot;335559991&quot;:360,&quot;469769226&quot;:&quot;Aptos&quot;,&quot;469769242&quot;:[8226],&quot;469777803&quot;:&quot;left&quot;,&quot;469777804&quot;:&quot;-&quot;,&quot;469777815&quot;:&quot;hybridMultilevel&quot;}\" aria-setsize=\"-1\" data-aria-posinset=\"0\" data-aria-level=\"1\">Se proh\u00edbe la creaci\u00f3n de contenido de v\u00eddeo editado o de listas de reproducci\u00f3n que solo incluyan secuencias de v\u00eddeo o m\u00fasica del juego.<\/li>\n<li data-leveltext=\"-\" data-font=\"Aptos\" data-listid=\"4\" data-list-defn-props=\"{&quot;335551671&quot;:0,&quot;335552541&quot;:1,&quot;335559685&quot;:720,&quot;335559991&quot;:360,&quot;469769226&quot;:&quot;Aptos&quot;,&quot;469769242&quot;:[8226],&quot;469777803&quot;:&quot;left&quot;,&quot;469777804&quot;:&quot;-&quot;,&quot;469777815&quot;:&quot;hybridMultilevel&quot;}\" aria-setsize=\"-1\" data-aria-posinset=\"0\" data-aria-level=\"1\">Salvo que sea a\u00f1adir avatares, doblaje, texto o cualquier otro elemento de compartici\u00f3n b\u00e1sico, no se debe alterar o modificar el contenido del juego.<\/li>\n<li data-leveltext=\"-\" data-font=\"Aptos\" data-listid=\"4\" data-list-defn-props=\"{&quot;335551671&quot;:0,&quot;335552541&quot;:1,&quot;335559685&quot;:720,&quot;335559991&quot;:360,&quot;469769226&quot;:&quot;Aptos&quot;,&quot;469769242&quot;:[8226],&quot;469777803&quot;:&quot;left&quot;,&quot;469777804&quot;:&quot;-&quot;,&quot;469777815&quot;:&quot;hybridMultilevel&quot;}\" aria-setsize=\"-1\" data-aria-posinset=\"0\" data-aria-level=\"1\">Evita reproducir el contenido compartido m\u00e1s all\u00e1 de los l\u00edmites establecidos en esta gu\u00eda o en su versi\u00f3n impresa.<\/li>\n<li data-leveltext=\"-\" data-font=\"Aptos\" data-listid=\"4\" data-list-defn-props=\"{&quot;335551671&quot;:0,&quot;335552541&quot;:1,&quot;335559685&quot;:720,&quot;335559991&quot;:360,&quot;469769226&quot;:&quot;Aptos&quot;,&quot;469769242&quot;:[8226],&quot;469777803&quot;:&quot;left&quot;,&quot;469777804&quot;:&quot;-&quot;,&quot;469777815&quot;:&quot;hybridMultilevel&quot;}\" aria-setsize=\"-1\" data-aria-posinset=\"0\" data-aria-level=\"1\">Evita mezclar los materiales de 505 Games con otros para evitar confusiones sobre a qui\u00e9n pertenece el contenido.<\/li>\n<li data-leveltext=\"-\" data-font=\"Aptos\" data-listid=\"4\" data-list-defn-props=\"{&quot;335551671&quot;:0,&quot;335552541&quot;:1,&quot;335559685&quot;:720,&quot;335559991&quot;:360,&quot;469769226&quot;:&quot;Aptos&quot;,&quot;469769242&quot;:[8226],&quot;469777803&quot;:&quot;left&quot;,&quot;469777804&quot;:&quot;-&quot;,&quot;469777815&quot;:&quot;hybridMultilevel&quot;}\" aria-setsize=\"-1\" data-aria-posinset=\"0\" data-aria-level=\"1\">Si un contenido no oficial no est\u00e1 patrocinado o respaldado por 505 Games, se ha de indicar de forma clara.<\/li>\n<\/ul>\n<\/li>\n<\/ul>\n<ul>\n<li style=\"list-style-type: none;\">\n<ul>\n<li data-leveltext=\"-\" data-font=\"Aptos\" data-listid=\"4\" data-list-defn-props=\"{&quot;335551671&quot;:0,&quot;335552541&quot;:1,&quot;335559685&quot;:720,&quot;335559991&quot;:360,&quot;469769226&quot;:&quot;Aptos&quot;,&quot;469769242&quot;:[8226],&quot;469777803&quot;:&quot;left&quot;,&quot;469777804&quot;:&quot;-&quot;,&quot;469777815&quot;:&quot;hybridMultilevel&quot;}\" aria-setsize=\"-1\" data-aria-posinset=\"0\" data-aria-level=\"1\">Evita compartir materiales en servicios o p\u00e1ginas de pago.<\/li>\n<li data-leveltext=\"-\" data-font=\"Aptos\" data-listid=\"4\" data-list-defn-props=\"{&quot;335551671&quot;:0,&quot;335552541&quot;:1,&quot;335559685&quot;:720,&quot;335559991&quot;:360,&quot;469769226&quot;:&quot;Aptos&quot;,&quot;469769242&quot;:[8226],&quot;469777803&quot;:&quot;left&quot;,&quot;469777804&quot;:&quot;-&quot;,&quot;469777815&quot;:&quot;hybridMultilevel&quot;}\" aria-setsize=\"-1\" data-aria-posinset=\"0\" data-aria-level=\"1\">No uses materiales para prop\u00f3sitos comerciales, excepto en programas de afiliados gestionados por YouTube, Twitch u otras plataformas familiares. Pres\u00e9ntale estas directrices a cualquier operario de programa que busque confirmaci\u00f3n de nuestra pol\u00edtica. 505 GAMES no responder\u00e1 a ninguna solicitud individual.<\/li>\n<li data-leveltext=\"-\" data-font=\"Aptos\" data-listid=\"4\" data-list-defn-props=\"{&quot;335551671&quot;:0,&quot;335552541&quot;:1,&quot;335559685&quot;:720,&quot;335559991&quot;:360,&quot;469769226&quot;:&quot;Aptos&quot;,&quot;469769242&quot;:[8226],&quot;469777803&quot;:&quot;left&quot;,&quot;469777804&quot;:&quot;-&quot;,&quot;469777815&quot;:&quot;hybridMultilevel&quot;}\" aria-setsize=\"-1\" data-aria-posinset=\"0\" data-aria-level=\"1\">No compartas materiales en sitios o servicios pensados para mayores de 18 a\u00f1os, en sitios ilegales o inmorales, o en plataformas relacionadas con actividades religiosas, pol\u00edticas o antisociales.<\/li>\n<li data-leveltext=\"-\" data-font=\"Aptos\" data-listid=\"4\" data-list-defn-props=\"{&quot;335551671&quot;:0,&quot;335552541&quot;:1,&quot;335559685&quot;:720,&quot;335559991&quot;:360,&quot;469769226&quot;:&quot;Aptos&quot;,&quot;469769242&quot;:[8226],&quot;469777803&quot;:&quot;left&quot;,&quot;469777804&quot;:&quot;-&quot;,&quot;469777815&quot;:&quot;hybridMultilevel&quot;}\" aria-setsize=\"-1\" data-aria-posinset=\"0\" data-aria-level=\"1\">No faltes al respeto a los jugadores.<\/li>\n<li data-leveltext=\"-\" data-font=\"Aptos\" data-listid=\"4\" data-list-defn-props=\"{&quot;335551671&quot;:0,&quot;335552541&quot;:1,&quot;335559685&quot;:720,&quot;335559991&quot;:360,&quot;469769226&quot;:&quot;Aptos&quot;,&quot;469769242&quot;:[8226],&quot;469777803&quot;:&quot;left&quot;,&quot;469777804&quot;:&quot;-&quot;,&quot;469777815&quot;:&quot;hybridMultilevel&quot;}\" aria-setsize=\"-1\" data-aria-posinset=\"0\" data-aria-level=\"1\">Cumple de inmediato toda solicitud de retirada de materiales que te hagan 505 Games y Rabbit &amp; Bear Studios, independientemente del motivo que te den.<\/li>\n<li data-leveltext=\"-\" data-font=\"Aptos\" data-listid=\"4\" data-list-defn-props=\"{&quot;335551671&quot;:0,&quot;335552541&quot;:1,&quot;335559685&quot;:720,&quot;335559991&quot;:360,&quot;469769226&quot;:&quot;Aptos&quot;,&quot;469769242&quot;:[8226],&quot;469777803&quot;:&quot;left&quot;,&quot;469777804&quot;:&quot;-&quot;,&quot;469777815&quot;:&quot;hybridMultilevel&quot;}\" aria-setsize=\"-1\" data-aria-posinset=\"0\" data-aria-level=\"1\">Obt\u00e9n el permiso de otros jugadores antes de mostrar p\u00fablicamente sus nombres. Si no es posible pedir su consentimiento, oculta sus nombres pixel\u00e1ndolos o de alguna otra manera.<\/li>\n<li data-leveltext=\"-\" data-font=\"Aptos\" data-listid=\"4\" data-list-defn-props=\"{&quot;335551671&quot;:0,&quot;335552541&quot;:1,&quot;335559685&quot;:720,&quot;335559991&quot;:360,&quot;469769226&quot;:&quot;Aptos&quot;,&quot;469769242&quot;:[8226],&quot;469777803&quot;:&quot;left&quot;,&quot;469777804&quot;:&quot;-&quot;,&quot;469777815&quot;:&quot;hybridMultilevel&quot;}\" aria-setsize=\"-1\" data-aria-posinset=\"0\" data-aria-level=\"1\">No compartas partidas que muestren las ID de otros jugadores.<\/li>\n<li data-leveltext=\"-\" data-font=\"Aptos\" data-listid=\"4\" data-list-defn-props=\"{&quot;335551671&quot;:0,&quot;335552541&quot;:1,&quot;335559685&quot;:720,&quot;335559991&quot;:360,&quot;469769226&quot;:&quot;Aptos&quot;,&quot;469769242&quot;:[8226],&quot;469777803&quot;:&quot;left&quot;,&quot;469777804&quot;:&quot;-&quot;,&quot;469777815&quot;:&quot;hybridMultilevel&quot;}\" aria-setsize=\"-1\" data-aria-posinset=\"0\" data-aria-level=\"1\">Si compartes tu ID o tu informaci\u00f3n personal, ser\u00e1 por tu cuenta y riesgo; 505 Games y Rabbit &amp; Bear Studios no ofrecen declaraciones o garant\u00edas sobre tu contenido y niegan toda responsabilidad ante cualquier da\u00f1o o perjuicio.<\/li>\n<li data-leveltext=\"-\" data-font=\"Aptos\" data-listid=\"4\" data-list-defn-props=\"{&quot;335551671&quot;:0,&quot;335552541&quot;:1,&quot;335559685&quot;:720,&quot;335559991&quot;:360,&quot;469769226&quot;:&quot;Aptos&quot;,&quot;469769242&quot;:[8226],&quot;469777803&quot;:&quot;left&quot;,&quot;469777804&quot;:&quot;-&quot;,&quot;469777815&quot;:&quot;hybridMultilevel&quot;}\" aria-setsize=\"-1\" data-aria-posinset=\"0\" data-aria-level=\"1\">Toda posible disputa con terceros que surja del uso que hagas del contenido ser\u00e1 tu responsabilidad y habr\u00e1s de resolverla por tu cuenta.<\/li>\n<\/ul>\n<\/li>\n<\/ul>\n<p style=\"padding-left: 40px;\">Si no se cumplen estos requisitos, 505 Games podr\u00eda negarse al uso de materiales, lo cual podr\u00eda suponer una suspensi\u00f3n temporal o permanente del uso del juego. 505 Games se reserva el derecho a modificar esta gu\u00eda a su \u00fanica discreci\u00f3n y sin previo aviso, lo cual podr\u00eda suponer que se les solicite a los usuarios que eliminen contenido que ya no cumpla los requisitos estipulados en la gu\u00eda actualizada.<\/p>","protected":false},"excerpt":{"rendered":"<p>&nbsp; &nbsp; &nbsp; 505 Games and Rabbit &#038; Bear Studios\u00a0Content Usage Policy 505 Games appreciates and values fans sharing content from our games, such as videos, images, and screenshots online. However, we kindly request your consideration of a few important guidelines, as outlined in this Material Usage Policy specifically in regard to Eiyuden Chronicle Hundred [&hellip;]<\/p>","protected":false},"author":5,"featured_media":0,"parent":0,"menu_order":0,"comment_status":"closed","ping_status":"closed","template":"template-page-builder.php","meta":{"_acf_changed":false,"footnotes":""},"class_list":["post-1773","page","type-page","status-publish","hentry"],"acf":[],"yoast_head":"<!-- This site is optimized with the Yoast SEO plugin v25.3.1 - https:\/\/yoast.com\/wordpress\/plugins\/seo\/ -->\n<title>Content User Policy - Eiyuden Chronicle - \u767e\u82f1\u96c4\u4f1d<\/title>\n<meta name=\"robots\" content=\"index, follow, max-snippet:-1, max-image-preview:large, max-video-preview:-1\" \/>\n<link rel=\"canonical\" href=\"https:\/\/eiyudenchronicle.com\/esp\/content-user-policy\/\" \/>\n<meta property=\"og:locale\" content=\"es_ES\" \/>\n<meta property=\"og:type\" content=\"article\" \/>\n<meta property=\"og:title\" content=\"Content User Policy - Eiyuden Chronicle - \u767e\u82f1\u96c4\u4f1d\" \/>\n<meta property=\"og:description\" content=\"&nbsp; &nbsp; &nbsp; 505 Games and Rabbit &#038; Bear Studios\u00a0Content Usage Policy 505 Games appreciates and values fans sharing content from our games, such as videos, images, and screenshots online. However, we kindly request your consideration of a few important guidelines, as outlined in this Material Usage Policy specifically in regard to Eiyuden Chronicle Hundred [&hellip;]\" \/>\n<meta property=\"og:url\" content=\"https:\/\/eiyudenchronicle.com\/esp\/content-user-policy\/\" \/>\n<meta property=\"og:site_name\" content=\"Eiyuden Chronicle - \u767e\u82f1\u96c4\u4f1d\" \/>\n<meta property=\"article:modified_time\" content=\"2024-04-18T09:45:55+00:00\" \/>\n<meta name=\"twitter:card\" content=\"summary_large_image\" \/>\n<meta name=\"twitter:label1\" content=\"Tiempo de lectura\" \/>\n\t<meta name=\"twitter:data1\" content=\"3 minutos\" \/>\n<script type=\"application\/ld+json\" class=\"yoast-schema-graph\">{\"@context\":\"https:\/\/schema.org\",\"@graph\":[{\"@type\":\"WebPage\",\"@id\":\"https:\/\/eiyudenchronicle.com\/content-user-policy\/\",\"url\":\"https:\/\/eiyudenchronicle.com\/content-user-policy\/\",\"name\":\"Content User Policy - Eiyuden Chronicle - \u767e\u82f1\u96c4\u4f1d\",\"isPartOf\":{\"@id\":\"https:\/\/eiyudenchronicle.com\/#website\"},\"datePublished\":\"2024-03-14T12:24:39+00:00\",\"dateModified\":\"2024-04-18T09:45:55+00:00\",\"breadcrumb\":{\"@id\":\"https:\/\/eiyudenchronicle.com\/content-user-policy\/#breadcrumb\"},\"inLanguage\":\"es\",\"potentialAction\":[{\"@type\":\"ReadAction\",\"target\":[\"https:\/\/eiyudenchronicle.com\/content-user-policy\/\"]}]},{\"@type\":\"BreadcrumbList\",\"@id\":\"https:\/\/eiyudenchronicle.com\/content-user-policy\/#breadcrumb\",\"itemListElement\":[{\"@type\":\"ListItem\",\"position\":1,\"name\":\"Home\",\"item\":\"https:\/\/eiyudenchronicle.com\/\"},{\"@type\":\"ListItem\",\"position\":2,\"name\":\"Content User Policy\"}]},{\"@type\":\"WebSite\",\"@id\":\"https:\/\/eiyudenchronicle.com\/#website\",\"url\":\"https:\/\/eiyudenchronicle.com\/\",\"name\":\"Eiyuden Chronicle\",\"description\":\"\",\"publisher\":{\"@id\":\"https:\/\/eiyudenchronicle.com\/#organization\"},\"potentialAction\":[{\"@type\":\"SearchAction\",\"target\":{\"@type\":\"EntryPoint\",\"urlTemplate\":\"https:\/\/eiyudenchronicle.com\/?s={search_term_string}\"},\"query-input\":{\"@type\":\"PropertyValueSpecification\",\"valueRequired\":true,\"valueName\":\"search_term_string\"}}],\"inLanguage\":\"es\"},{\"@type\":\"Organization\",\"@id\":\"https:\/\/eiyudenchronicle.com\/#organization\",\"name\":\"Eiyuden Chronicles\",\"url\":\"https:\/\/eiyudenchronicle.com\/\",\"logo\":{\"@type\":\"ImageObject\",\"inLanguage\":\"es\",\"@id\":\"https:\/\/eiyudenchronicle.com\/#\/schema\/logo\/image\/\",\"url\":\"https:\/\/eiyudenchronicle.com\/wp-content\/uploads\/2021\/06\/Announce.png\",\"contentUrl\":\"https:\/\/eiyudenchronicle.com\/wp-content\/uploads\/2021\/06\/Announce.png\",\"width\":1920,\"height\":753,\"caption\":\"Eiyuden Chronicles\"},\"image\":{\"@id\":\"https:\/\/eiyudenchronicle.com\/#\/schema\/logo\/image\/\"}}]}<\/script>\n<!-- \/ Yoast SEO plugin. -->","yoast_head_json":{"title":"Content User Policy - Eiyuden Chronicle - \u767e\u82f1\u96c4\u4f1d","robots":{"index":"index","follow":"follow","max-snippet":"max-snippet:-1","max-image-preview":"max-image-preview:large","max-video-preview":"max-video-preview:-1"},"canonical":"https:\/\/eiyudenchronicle.com\/esp\/content-user-policy\/","og_locale":"es_ES","og_type":"article","og_title":"Content User Policy - Eiyuden Chronicle - \u767e\u82f1\u96c4\u4f1d","og_description":"&nbsp; &nbsp; &nbsp; 505 Games and Rabbit &#038; Bear Studios\u00a0Content Usage Policy 505 Games appreciates and values fans sharing content from our games, such as videos, images, and screenshots online. However, we kindly request your consideration of a few important guidelines, as outlined in this Material Usage Policy specifically in regard to Eiyuden Chronicle Hundred [&hellip;]","og_url":"https:\/\/eiyudenchronicle.com\/esp\/content-user-policy\/","og_site_name":"Eiyuden Chronicle - \u767e\u82f1\u96c4\u4f1d","article_modified_time":"2024-04-18T09:45:55+00:00","twitter_card":"summary_large_image","twitter_misc":{"Tiempo de lectura":"3 minutos"},"schema":{"@context":"https:\/\/schema.org","@graph":[{"@type":"WebPage","@id":"https:\/\/eiyudenchronicle.com\/content-user-policy\/","url":"https:\/\/eiyudenchronicle.com\/content-user-policy\/","name":"Content User Policy - Eiyuden Chronicle - \u767e\u82f1\u96c4\u4f1d","isPartOf":{"@id":"https:\/\/eiyudenchronicle.com\/#website"},"datePublished":"2024-03-14T12:24:39+00:00","dateModified":"2024-04-18T09:45:55+00:00","breadcrumb":{"@id":"https:\/\/eiyudenchronicle.com\/content-user-policy\/#breadcrumb"},"inLanguage":"es","potentialAction":[{"@type":"ReadAction","target":["https:\/\/eiyudenchronicle.com\/content-user-policy\/"]}]},{"@type":"BreadcrumbList","@id":"https:\/\/eiyudenchronicle.com\/content-user-policy\/#breadcrumb","itemListElement":[{"@type":"ListItem","position":1,"name":"Home","item":"https:\/\/eiyudenchronicle.com\/"},{"@type":"ListItem","position":2,"name":"Content User Policy"}]},{"@type":"WebSite","@id":"https:\/\/eiyudenchronicle.com\/#website","url":"https:\/\/eiyudenchronicle.com\/","name":"Eiyuden Chronicle","description":"","publisher":{"@id":"https:\/\/eiyudenchronicle.com\/#organization"},"potentialAction":[{"@type":"SearchAction","target":{"@type":"EntryPoint","urlTemplate":"https:\/\/eiyudenchronicle.com\/?s={search_term_string}"},"query-input":{"@type":"PropertyValueSpecification","valueRequired":true,"valueName":"search_term_string"}}],"inLanguage":"es"},{"@type":"Organization","@id":"https:\/\/eiyudenchronicle.com\/#organization","name":"Eiyuden Chronicles","url":"https:\/\/eiyudenchronicle.com\/","logo":{"@type":"ImageObject","inLanguage":"es","@id":"https:\/\/eiyudenchronicle.com\/#\/schema\/logo\/image\/","url":"https:\/\/eiyudenchronicle.com\/wp-content\/uploads\/2021\/06\/Announce.png","contentUrl":"https:\/\/eiyudenchronicle.com\/wp-content\/uploads\/2021\/06\/Announce.png","width":1920,"height":753,"caption":"Eiyuden Chronicles"},"image":{"@id":"https:\/\/eiyudenchronicle.com\/#\/schema\/logo\/image\/"}}]}},"_links":{"self":[{"href":"https:\/\/eiyudenchronicle.com\/esp\/wp-json\/wp\/v2\/pages\/1773","targetHints":{"allow":["GET"]}}],"collection":[{"href":"https:\/\/eiyudenchronicle.com\/esp\/wp-json\/wp\/v2\/pages"}],"about":[{"href":"https:\/\/eiyudenchronicle.com\/esp\/wp-json\/wp\/v2\/types\/page"}],"author":[{"embeddable":true,"href":"https:\/\/eiyudenchronicle.com\/esp\/wp-json\/wp\/v2\/users\/5"}],"replies":[{"embeddable":true,"href":"https:\/\/eiyudenchronicle.com\/esp\/wp-json\/wp\/v2\/comments?post=1773"}],"version-history":[{"count":13,"href":"https:\/\/eiyudenchronicle.com\/esp\/wp-json\/wp\/v2\/pages\/1773\/revisions"}],"predecessor-version":[{"id":2215,"href":"https:\/\/eiyudenchronicle.com\/esp\/wp-json\/wp\/v2\/pages\/1773\/revisions\/2215"}],"wp:attachment":[{"href":"https:\/\/eiyudenchronicle.com\/esp\/wp-json\/wp\/v2\/media?parent=1773"}],"curies":[{"name":"wp","href":"https:\/\/api.w.org\/{rel}","templated":true}]}}