{"id":1773,"date":"2024-03-14T12:24:39","date_gmt":"2024-03-14T12:24:39","guid":{"rendered":"https:\/\/silly-kilby.185-18-32-8.plesk.page\/?page_id=1773"},"modified":"2024-04-18T09:45:55","modified_gmt":"2024-04-18T09:45:55","slug":"content-user-policy","status":"publish","type":"page","link":"https:\/\/eiyudenchronicle.com\/fra\/content-user-policy\/","title":{"rendered":"Politique relative au contenu g\u00e9n\u00e9r\u00e9 par les utilisateurs"},"content":{"rendered":"<p>&nbsp;<\/p>\n<p>&nbsp;<\/p>\n<p>&nbsp;<\/p>\n<p style=\"padding-left: 40px;\">505 Games et Rabbit &amp; Bear Studios\u00a0:\u00a0politique relative au contenu g\u00e9n\u00e9r\u00e9 par les utilisateurs<\/p>\n<p style=\"padding-left: 40px;\">505 Games appr\u00e9cie \u00e9norm\u00e9ment le contenu tir\u00e9 de ses jeux que la communaut\u00e9 des joueurs partage en ligne, notamment par le biais de vid\u00e9os, d\u2019images et de captures d\u2019\u00e9cran. Nous tenons toutefois \u00e0 rappeler quelques r\u00e8gles importantes, \u00e9nonc\u00e9es dans la pr\u00e9sente politique relative au contenu g\u00e9n\u00e9r\u00e9 par les utilisateurs, concernant Eiyuden Chronicle Hundred Heroes, Eiyuden Chronicle Rising ainsi que la franchise et la marque Eiyuden Chronicle.<\/p>\n<p style=\"padding-left: 40px;\">505 Games et Rabbit &amp; Bear Studios se r\u00e9servent le droit de contester toute utilisation de contenu et peuvent soumettre des demandes de suppression aux h\u00e9bergeurs dudit contenu. Voici les r\u00e8gles qui gouvernent ces \u00e9ventuelles contestations\u00a0:<\/p>\n<p style=\"padding-left: 40px;\">L\u2019utilisation appropri\u00e9e des images et vid\u00e9os d\u2019Eiyuden Chronicle est caract\u00e9ris\u00e9e comme suit\u00a0:<\/p>\n<ol>\n<li style=\"list-style-type: none;\">\n<ol>\n<li>Le partage de vid\u00e9os, y compris avec une musique de fond, \u00e0 des fins non commerciales sur des plateformes de partage de vid\u00e9os telles que YouTube, Twitch, Facebook, TikTok et Instagram, entre autres. Il est interdit de pr\u00e9lever des frais pour l\u2019affichage ou l\u2019acc\u00e8s au contenu partag\u00e9, mais la mon\u00e9tisation par le biais de programmes propres aux plateformes (YouTube, Twitch, etc.) est autoris\u00e9e.<\/li>\n<\/ol>\n<\/li>\n<\/ol>\n<ol>\n<li style=\"list-style-type: none;\">\n<ol start=\"2\">\n<li>Le partage d\u2019images et d\u2019URL de vid\u00e9os \u00e0 des fins non commerciales sur des pages, blogs et r\u00e9seaux sociaux \u00e0 usage personnel est autoris\u00e9. En revanche, les partages sur des pages, blogs ou r\u00e9seaux sociaux professionnels (c\u2019est-\u00e0-dire n\u2019appartenant pas \u00e0 un particulier) sont consid\u00e9r\u00e9s comme \u00e9tant de nature commerciale et ne sont pas autoris\u00e9s.<\/li>\n<\/ol>\n<\/li>\n<\/ol>\n<p style=\"padding-left: 40px;\">R\u00e8gles g\u00e9n\u00e9rales sur le contenu\u00a0:<\/p>\n<ul>\n<li style=\"list-style-type: none;\">\n<ul>\n<li data-leveltext=\"-\" data-font=\"Aptos\" data-listid=\"4\" data-list-defn-props=\"{&quot;335551671&quot;:0,&quot;335552541&quot;:1,&quot;335559685&quot;:720,&quot;335559991&quot;:360,&quot;469769226&quot;:&quot;Aptos&quot;,&quot;469769242&quot;:[8226],&quot;469777803&quot;:&quot;left&quot;,&quot;469777804&quot;:&quot;-&quot;,&quot;469777815&quot;:&quot;hybridMultilevel&quot;}\" aria-setsize=\"-1\" data-aria-posinset=\"0\" data-aria-level=\"1\">\u00c9vitez les spoilers\u00a0: tout contenu r\u00e9v\u00e9lant des parties importantes de l\u2019intrigue doit \u00eatre signal\u00e9 pour \u00e9viter de nuire \u00e0 l\u2019exp\u00e9rience de jeu des utilisateurs.<\/li>\n<li data-leveltext=\"-\" data-font=\"Aptos\" data-listid=\"4\" data-list-defn-props=\"{&quot;335551671&quot;:0,&quot;335552541&quot;:1,&quot;335559685&quot;:720,&quot;335559991&quot;:360,&quot;469769226&quot;:&quot;Aptos&quot;,&quot;469769242&quot;:[8226],&quot;469777803&quot;:&quot;left&quot;,&quot;469777804&quot;:&quot;-&quot;,&quot;469777815&quot;:&quot;hybridMultilevel&quot;}\" aria-setsize=\"-1\" data-aria-posinset=\"0\" data-aria-level=\"1\">Respectez les interdictions d\u2019enregistrer le contenu, sauf la fin, sur la plateforme utilis\u00e9e.<\/li>\n<li data-leveltext=\"-\" data-font=\"Aptos\" data-listid=\"4\" data-list-defn-props=\"{&quot;335551671&quot;:0,&quot;335552541&quot;:1,&quot;335559685&quot;:720,&quot;335559991&quot;:360,&quot;469769226&quot;:&quot;Aptos&quot;,&quot;469769242&quot;:[8226],&quot;469777803&quot;:&quot;left&quot;,&quot;469777804&quot;:&quot;-&quot;,&quot;469777815&quot;:&quot;hybridMultilevel&quot;}\" aria-setsize=\"-1\" data-aria-posinset=\"0\" data-aria-level=\"1\">Vous ne devez pas cr\u00e9er du contenu vid\u00e9o modifi\u00e9 ou des playlists uniquement compos\u00e9es de sc\u00e8nes cin\u00e9matiques ou de musique provenant du jeu.<\/li>\n<li data-leveltext=\"-\" data-font=\"Aptos\" data-listid=\"4\" data-list-defn-props=\"{&quot;335551671&quot;:0,&quot;335552541&quot;:1,&quot;335559685&quot;:720,&quot;335559991&quot;:360,&quot;469769226&quot;:&quot;Aptos&quot;,&quot;469769242&quot;:[8226],&quot;469777803&quot;:&quot;left&quot;,&quot;469777804&quot;:&quot;-&quot;,&quot;469777815&quot;:&quot;hybridMultilevel&quot;}\" aria-setsize=\"-1\" data-aria-posinset=\"0\" data-aria-level=\"1\">Vous ne devez pas modifier le contenu du jeu, \u00e0 l\u2019exception de l\u2019ajout d\u2019avatars, de voix, de texte et d\u2019autres \u00e9l\u00e9ments habituellement partag\u00e9s.<\/li>\n<li data-leveltext=\"-\" data-font=\"Aptos\" data-listid=\"4\" data-list-defn-props=\"{&quot;335551671&quot;:0,&quot;335552541&quot;:1,&quot;335559685&quot;:720,&quot;335559991&quot;:360,&quot;469769226&quot;:&quot;Aptos&quot;,&quot;469769242&quot;:[8226],&quot;469777803&quot;:&quot;left&quot;,&quot;469777804&quot;:&quot;-&quot;,&quot;469777815&quot;:&quot;hybridMultilevel&quot;}\" aria-setsize=\"-1\" data-aria-posinset=\"0\" data-aria-level=\"1\">Veuillez \u00e9viter de reproduire le contenu partag\u00e9 au-del\u00e0 du cadre d\u00e9fini dans les pr\u00e9sentes r\u00e8gles, par exemple sous forme de livre.<\/li>\n<li data-leveltext=\"-\" data-font=\"Aptos\" data-listid=\"4\" data-list-defn-props=\"{&quot;335551671&quot;:0,&quot;335552541&quot;:1,&quot;335559685&quot;:720,&quot;335559991&quot;:360,&quot;469769226&quot;:&quot;Aptos&quot;,&quot;469769242&quot;:[8226],&quot;469777803&quot;:&quot;left&quot;,&quot;469777804&quot;:&quot;-&quot;,&quot;469777815&quot;:&quot;hybridMultilevel&quot;}\" aria-setsize=\"-1\" data-aria-posinset=\"0\" data-aria-level=\"1\">Afin d\u2019\u00e9viter toute confusion sur la propri\u00e9t\u00e9, le contenu de 505 Games ne doit pas \u00eatre m\u00e9lang\u00e9 avec le contenu d\u2019autrui.<\/li>\n<li data-leveltext=\"-\" data-font=\"Aptos\" data-listid=\"4\" data-list-defn-props=\"{&quot;335551671&quot;:0,&quot;335552541&quot;:1,&quot;335559685&quot;:720,&quot;335559991&quot;:360,&quot;469769226&quot;:&quot;Aptos&quot;,&quot;469769242&quot;:[8226],&quot;469777803&quot;:&quot;left&quot;,&quot;469777804&quot;:&quot;-&quot;,&quot;469777815&quot;:&quot;hybridMultilevel&quot;}\" aria-setsize=\"-1\" data-aria-posinset=\"0\" data-aria-level=\"1\">Tout contenu non officiel n\u2019\u00e9tant pas soutenu ou autoris\u00e9 par 505 Games doit \u00eatre clairement indiqu\u00e9 comme tel.<\/li>\n<\/ul>\n<\/li>\n<\/ul>\n<ul>\n<li style=\"list-style-type: none;\">\n<ul>\n<li data-leveltext=\"-\" data-font=\"Aptos\" data-listid=\"4\" data-list-defn-props=\"{&quot;335551671&quot;:0,&quot;335552541&quot;:1,&quot;335559685&quot;:720,&quot;335559991&quot;:360,&quot;469769226&quot;:&quot;Aptos&quot;,&quot;469769242&quot;:[8226],&quot;469777803&quot;:&quot;left&quot;,&quot;469777804&quot;:&quot;-&quot;,&quot;469777815&quot;:&quot;hybridMultilevel&quot;}\" aria-setsize=\"-1\" data-aria-posinset=\"0\" data-aria-level=\"1\">\u00c9vitez de partager du contenu par le biais de sites ou de services payants.<\/li>\n<li data-leveltext=\"-\" data-font=\"Aptos\" data-listid=\"4\" data-list-defn-props=\"{&quot;335551671&quot;:0,&quot;335552541&quot;:1,&quot;335559685&quot;:720,&quot;335559991&quot;:360,&quot;469769226&quot;:&quot;Aptos&quot;,&quot;469769242&quot;:[8226],&quot;469777803&quot;:&quot;left&quot;,&quot;469777804&quot;:&quot;-&quot;,&quot;469777815&quot;:&quot;hybridMultilevel&quot;}\" aria-setsize=\"-1\" data-aria-posinset=\"0\" data-aria-level=\"1\">Le contenu ne doit pas \u00eatre utilis\u00e9 \u00e0 des fins commerciales, sauf dans le cadre de programmes de partenariat exploit\u00e9s par YouTube, Twitch ou des plateformes similaires. Veuillez fournir les pr\u00e9sentes r\u00e8gles aux responsables de tels programmes souhaitant conna\u00eetre notre politique en la mati\u00e8re. 505 Games ne traite pas les demandes individuelles.<\/li>\n<li data-leveltext=\"-\" data-font=\"Aptos\" data-listid=\"4\" data-list-defn-props=\"{&quot;335551671&quot;:0,&quot;335552541&quot;:1,&quot;335559685&quot;:720,&quot;335559991&quot;:360,&quot;469769226&quot;:&quot;Aptos&quot;,&quot;469769242&quot;:[8226],&quot;469777803&quot;:&quot;left&quot;,&quot;469777804&quot;:&quot;-&quot;,&quot;469777815&quot;:&quot;hybridMultilevel&quot;}\" aria-setsize=\"-1\" data-aria-posinset=\"0\" data-aria-level=\"1\">\u00c9vitez de partager du contenu par le biais de sites ou services destin\u00e9s \u00e0 un public majeur, ou de nature ill\u00e9gale ou immorale, ainsi que sur des plateformes d\u00e9di\u00e9es aux activit\u00e9s religieuses, politiques ou antisociales.<\/li>\n<li data-leveltext=\"-\" data-font=\"Aptos\" data-listid=\"4\" data-list-defn-props=\"{&quot;335551671&quot;:0,&quot;335552541&quot;:1,&quot;335559685&quot;:720,&quot;335559991&quot;:360,&quot;469769226&quot;:&quot;Aptos&quot;,&quot;469769242&quot;:[8226],&quot;469777803&quot;:&quot;left&quot;,&quot;469777804&quot;:&quot;-&quot;,&quot;469777815&quot;:&quot;hybridMultilevel&quot;}\" aria-setsize=\"-1\" data-aria-posinset=\"0\" data-aria-level=\"1\">\u00c9vitez de calomnier les autres joueurs.<\/li>\n<li data-leveltext=\"-\" data-font=\"Aptos\" data-listid=\"4\" data-list-defn-props=\"{&quot;335551671&quot;:0,&quot;335552541&quot;:1,&quot;335559685&quot;:720,&quot;335559991&quot;:360,&quot;469769226&quot;:&quot;Aptos&quot;,&quot;469769242&quot;:[8226],&quot;469777803&quot;:&quot;left&quot;,&quot;469777804&quot;:&quot;-&quot;,&quot;469777815&quot;:&quot;hybridMultilevel&quot;}\" aria-setsize=\"-1\" data-aria-posinset=\"0\" data-aria-level=\"1\">Veuillez rapidement donner suite aux demandes de suppression effectu\u00e9es par 505 Games et Rabbit &amp; Bear Studios, quelle que soit la raison \u00e9voqu\u00e9e.<\/li>\n<li data-leveltext=\"-\" data-font=\"Aptos\" data-listid=\"4\" data-list-defn-props=\"{&quot;335551671&quot;:0,&quot;335552541&quot;:1,&quot;335559685&quot;:720,&quot;335559991&quot;:360,&quot;469769226&quot;:&quot;Aptos&quot;,&quot;469769242&quot;:[8226],&quot;469777803&quot;:&quot;left&quot;,&quot;469777804&quot;:&quot;-&quot;,&quot;469777815&quot;:&quot;hybridMultilevel&quot;}\" aria-setsize=\"-1\" data-aria-posinset=\"0\" data-aria-level=\"1\">Veuillez obtenir le consentement des joueurs avant de partager ou d\u2019afficher leurs noms\u00a0: s\u2019il n\u2019est pas possible d\u2019obtenir leur consentement, veuillez masquer leur nom avec une mosa\u00efque ou d\u2019une autre mani\u00e8re.<\/li>\n<li data-leveltext=\"-\" data-font=\"Aptos\" data-listid=\"4\" data-list-defn-props=\"{&quot;335551671&quot;:0,&quot;335552541&quot;:1,&quot;335559685&quot;:720,&quot;335559991&quot;:360,&quot;469769226&quot;:&quot;Aptos&quot;,&quot;469769242&quot;:[8226],&quot;469777803&quot;:&quot;left&quot;,&quot;469777804&quot;:&quot;-&quot;,&quot;469777815&quot;:&quot;hybridMultilevel&quot;}\" aria-setsize=\"-1\" data-aria-posinset=\"0\" data-aria-level=\"1\">\u00c9vitez de partager les s\u00e9quences de gameplay r\u00e9v\u00e9lant les identifiants d\u2019autres joueurs.<\/li>\n<li data-leveltext=\"-\" data-font=\"Aptos\" data-listid=\"4\" data-list-defn-props=\"{&quot;335551671&quot;:0,&quot;335552541&quot;:1,&quot;335559685&quot;:720,&quot;335559991&quot;:360,&quot;469769226&quot;:&quot;Aptos&quot;,&quot;469769242&quot;:[8226],&quot;469777803&quot;:&quot;left&quot;,&quot;469777804&quot;:&quot;-&quot;,&quot;469777815&quot;:&quot;hybridMultilevel&quot;}\" aria-setsize=\"-1\" data-aria-posinset=\"0\" data-aria-level=\"1\">Votre identifiant ou vos donn\u00e9es personnelles sont partag\u00e9s \u00e0 vos risques et p\u00e9rils\u00a0; 505 Games et Rabbit &amp; Bear Studios ne font aucune d\u00e9claration et ne donnent aucune garantie en mati\u00e8re de contenu, et n\u2019assumeront aucune responsabilit\u00e9 en cas de dommagesint\u00e9r\u00eats ou pr\u00e9judice y aff\u00e9rents.<\/li>\n<li data-leveltext=\"-\" data-font=\"Aptos\" data-listid=\"4\" data-list-defn-props=\"{&quot;335551671&quot;:0,&quot;335552541&quot;:1,&quot;335559685&quot;:720,&quot;335559991&quot;:360,&quot;469769226&quot;:&quot;Aptos&quot;,&quot;469769242&quot;:[8226],&quot;469777803&quot;:&quot;left&quot;,&quot;469777804&quot;:&quot;-&quot;,&quot;469777815&quot;:&quot;hybridMultilevel&quot;}\" aria-setsize=\"-1\" data-aria-posinset=\"0\" data-aria-level=\"1\">Les litiges avec des tiers survenant suite \u00e0 votre utilisation du contenu seront r\u00e9gl\u00e9s sous votre responsabilit\u00e9 et \u00e0 vos frais.<\/li>\n<\/ul>\n<\/li>\n<\/ul>\n<p style=\"padding-left: 40px;\">Tout manquement aux pr\u00e9sentes r\u00e8gles peut entra\u00eener une opposition par 505 Games \u00e0 l\u2019utilisation du contenu et entra\u00eener une interdiction temporaire ou d\u00e9finitive d\u2019utiliser le jeu. 505 Games se r\u00e9serve le droit de modifier les pr\u00e9sentes r\u00e8gles \u00e0 sa seule discr\u00e9tion sans avis pr\u00e9alable, et les utilisateurs peuvent \u00eatre contraints \u00e0 supprimer tout contenu ne respectant plus les r\u00e8gles mises \u00e0 jour.<\/p>","protected":false},"excerpt":{"rendered":"<p>&nbsp; &nbsp; &nbsp; 505 Games and Rabbit &#038; Bear Studios\u00a0Content Usage Policy 505 Games appreciates and values fans sharing content from our games, such as videos, images, and screenshots online. However, we kindly request your consideration of a few important guidelines, as outlined in this Material Usage Policy specifically in regard to Eiyuden Chronicle Hundred [&hellip;]<\/p>","protected":false},"author":5,"featured_media":0,"parent":0,"menu_order":0,"comment_status":"closed","ping_status":"closed","template":"template-page-builder.php","meta":{"_acf_changed":false,"footnotes":""},"class_list":["post-1773","page","type-page","status-publish","hentry"],"acf":[],"yoast_head":"<!-- This site is optimized with the Yoast SEO plugin v25.3.1 - https:\/\/yoast.com\/wordpress\/plugins\/seo\/ -->\n<title>Content User Policy - Eiyuden Chronicle - \u767e\u82f1\u96c4\u4f1d<\/title>\n<meta name=\"robots\" content=\"index, follow, max-snippet:-1, max-image-preview:large, max-video-preview:-1\" \/>\n<link rel=\"canonical\" href=\"https:\/\/eiyudenchronicle.com\/fra\/content-user-policy\/\" \/>\n<meta property=\"og:locale\" content=\"fr_FR\" \/>\n<meta property=\"og:type\" content=\"article\" \/>\n<meta property=\"og:title\" content=\"Content User Policy - Eiyuden Chronicle - \u767e\u82f1\u96c4\u4f1d\" \/>\n<meta property=\"og:description\" content=\"&nbsp; &nbsp; &nbsp; 505 Games and Rabbit &#038; Bear Studios\u00a0Content Usage Policy 505 Games appreciates and values fans sharing content from our games, such as videos, images, and screenshots online. However, we kindly request your consideration of a few important guidelines, as outlined in this Material Usage Policy specifically in regard to Eiyuden Chronicle Hundred [&hellip;]\" \/>\n<meta property=\"og:url\" content=\"https:\/\/eiyudenchronicle.com\/fra\/content-user-policy\/\" \/>\n<meta property=\"og:site_name\" content=\"Eiyuden Chronicle - \u767e\u82f1\u96c4\u4f1d\" \/>\n<meta property=\"article:modified_time\" content=\"2024-04-18T09:45:55+00:00\" \/>\n<meta name=\"twitter:card\" content=\"summary_large_image\" \/>\n<meta name=\"twitter:label1\" content=\"Dur\u00e9e de lecture estim\u00e9e\" \/>\n\t<meta name=\"twitter:data1\" content=\"3 minutes\" \/>\n<script type=\"application\/ld+json\" class=\"yoast-schema-graph\">{\"@context\":\"https:\/\/schema.org\",\"@graph\":[{\"@type\":\"WebPage\",\"@id\":\"https:\/\/eiyudenchronicle.com\/content-user-policy\/\",\"url\":\"https:\/\/eiyudenchronicle.com\/content-user-policy\/\",\"name\":\"Content User Policy - Eiyuden Chronicle - \u767e\u82f1\u96c4\u4f1d\",\"isPartOf\":{\"@id\":\"https:\/\/eiyudenchronicle.com\/#website\"},\"datePublished\":\"2024-03-14T12:24:39+00:00\",\"dateModified\":\"2024-04-18T09:45:55+00:00\",\"breadcrumb\":{\"@id\":\"https:\/\/eiyudenchronicle.com\/content-user-policy\/#breadcrumb\"},\"inLanguage\":\"fr-FR\",\"potentialAction\":[{\"@type\":\"ReadAction\",\"target\":[\"https:\/\/eiyudenchronicle.com\/content-user-policy\/\"]}]},{\"@type\":\"BreadcrumbList\",\"@id\":\"https:\/\/eiyudenchronicle.com\/content-user-policy\/#breadcrumb\",\"itemListElement\":[{\"@type\":\"ListItem\",\"position\":1,\"name\":\"Home\",\"item\":\"https:\/\/eiyudenchronicle.com\/\"},{\"@type\":\"ListItem\",\"position\":2,\"name\":\"Content User Policy\"}]},{\"@type\":\"WebSite\",\"@id\":\"https:\/\/eiyudenchronicle.com\/#website\",\"url\":\"https:\/\/eiyudenchronicle.com\/\",\"name\":\"Eiyuden Chronicle\",\"description\":\"\",\"publisher\":{\"@id\":\"https:\/\/eiyudenchronicle.com\/#organization\"},\"potentialAction\":[{\"@type\":\"SearchAction\",\"target\":{\"@type\":\"EntryPoint\",\"urlTemplate\":\"https:\/\/eiyudenchronicle.com\/?s={search_term_string}\"},\"query-input\":{\"@type\":\"PropertyValueSpecification\",\"valueRequired\":true,\"valueName\":\"search_term_string\"}}],\"inLanguage\":\"fr-FR\"},{\"@type\":\"Organization\",\"@id\":\"https:\/\/eiyudenchronicle.com\/#organization\",\"name\":\"Eiyuden Chronicles\",\"url\":\"https:\/\/eiyudenchronicle.com\/\",\"logo\":{\"@type\":\"ImageObject\",\"inLanguage\":\"fr-FR\",\"@id\":\"https:\/\/eiyudenchronicle.com\/#\/schema\/logo\/image\/\",\"url\":\"https:\/\/eiyudenchronicle.com\/wp-content\/uploads\/2021\/06\/Announce.png\",\"contentUrl\":\"https:\/\/eiyudenchronicle.com\/wp-content\/uploads\/2021\/06\/Announce.png\",\"width\":1920,\"height\":753,\"caption\":\"Eiyuden Chronicles\"},\"image\":{\"@id\":\"https:\/\/eiyudenchronicle.com\/#\/schema\/logo\/image\/\"}}]}<\/script>\n<!-- \/ Yoast SEO plugin. -->","yoast_head_json":{"title":"Content User Policy - Eiyuden Chronicle - \u767e\u82f1\u96c4\u4f1d","robots":{"index":"index","follow":"follow","max-snippet":"max-snippet:-1","max-image-preview":"max-image-preview:large","max-video-preview":"max-video-preview:-1"},"canonical":"https:\/\/eiyudenchronicle.com\/fra\/content-user-policy\/","og_locale":"fr_FR","og_type":"article","og_title":"Content User Policy - Eiyuden Chronicle - \u767e\u82f1\u96c4\u4f1d","og_description":"&nbsp; &nbsp; &nbsp; 505 Games and Rabbit &#038; Bear Studios\u00a0Content Usage Policy 505 Games appreciates and values fans sharing content from our games, such as videos, images, and screenshots online. However, we kindly request your consideration of a few important guidelines, as outlined in this Material Usage Policy specifically in regard to Eiyuden Chronicle Hundred [&hellip;]","og_url":"https:\/\/eiyudenchronicle.com\/fra\/content-user-policy\/","og_site_name":"Eiyuden Chronicle - \u767e\u82f1\u96c4\u4f1d","article_modified_time":"2024-04-18T09:45:55+00:00","twitter_card":"summary_large_image","twitter_misc":{"Dur\u00e9e de lecture estim\u00e9e":"3 minutes"},"schema":{"@context":"https:\/\/schema.org","@graph":[{"@type":"WebPage","@id":"https:\/\/eiyudenchronicle.com\/content-user-policy\/","url":"https:\/\/eiyudenchronicle.com\/content-user-policy\/","name":"Content User Policy - Eiyuden Chronicle - \u767e\u82f1\u96c4\u4f1d","isPartOf":{"@id":"https:\/\/eiyudenchronicle.com\/#website"},"datePublished":"2024-03-14T12:24:39+00:00","dateModified":"2024-04-18T09:45:55+00:00","breadcrumb":{"@id":"https:\/\/eiyudenchronicle.com\/content-user-policy\/#breadcrumb"},"inLanguage":"fr-FR","potentialAction":[{"@type":"ReadAction","target":["https:\/\/eiyudenchronicle.com\/content-user-policy\/"]}]},{"@type":"BreadcrumbList","@id":"https:\/\/eiyudenchronicle.com\/content-user-policy\/#breadcrumb","itemListElement":[{"@type":"ListItem","position":1,"name":"Home","item":"https:\/\/eiyudenchronicle.com\/"},{"@type":"ListItem","position":2,"name":"Content User Policy"}]},{"@type":"WebSite","@id":"https:\/\/eiyudenchronicle.com\/#website","url":"https:\/\/eiyudenchronicle.com\/","name":"Eiyuden Chronicle","description":"","publisher":{"@id":"https:\/\/eiyudenchronicle.com\/#organization"},"potentialAction":[{"@type":"SearchAction","target":{"@type":"EntryPoint","urlTemplate":"https:\/\/eiyudenchronicle.com\/?s={search_term_string}"},"query-input":{"@type":"PropertyValueSpecification","valueRequired":true,"valueName":"search_term_string"}}],"inLanguage":"fr-FR"},{"@type":"Organization","@id":"https:\/\/eiyudenchronicle.com\/#organization","name":"Eiyuden Chronicles","url":"https:\/\/eiyudenchronicle.com\/","logo":{"@type":"ImageObject","inLanguage":"fr-FR","@id":"https:\/\/eiyudenchronicle.com\/#\/schema\/logo\/image\/","url":"https:\/\/eiyudenchronicle.com\/wp-content\/uploads\/2021\/06\/Announce.png","contentUrl":"https:\/\/eiyudenchronicle.com\/wp-content\/uploads\/2021\/06\/Announce.png","width":1920,"height":753,"caption":"Eiyuden Chronicles"},"image":{"@id":"https:\/\/eiyudenchronicle.com\/#\/schema\/logo\/image\/"}}]}},"_links":{"self":[{"href":"https:\/\/eiyudenchronicle.com\/fra\/wp-json\/wp\/v2\/pages\/1773","targetHints":{"allow":["GET"]}}],"collection":[{"href":"https:\/\/eiyudenchronicle.com\/fra\/wp-json\/wp\/v2\/pages"}],"about":[{"href":"https:\/\/eiyudenchronicle.com\/fra\/wp-json\/wp\/v2\/types\/page"}],"author":[{"embeddable":true,"href":"https:\/\/eiyudenchronicle.com\/fra\/wp-json\/wp\/v2\/users\/5"}],"replies":[{"embeddable":true,"href":"https:\/\/eiyudenchronicle.com\/fra\/wp-json\/wp\/v2\/comments?post=1773"}],"version-history":[{"count":13,"href":"https:\/\/eiyudenchronicle.com\/fra\/wp-json\/wp\/v2\/pages\/1773\/revisions"}],"predecessor-version":[{"id":2215,"href":"https:\/\/eiyudenchronicle.com\/fra\/wp-json\/wp\/v2\/pages\/1773\/revisions\/2215"}],"wp:attachment":[{"href":"https:\/\/eiyudenchronicle.com\/fra\/wp-json\/wp\/v2\/media?parent=1773"}],"curies":[{"name":"wp","href":"https:\/\/api.w.org\/{rel}","templated":true}]}}