{"id":1773,"date":"2024-03-14T12:24:39","date_gmt":"2024-03-14T12:24:39","guid":{"rendered":"https:\/\/silly-kilby.185-18-32-8.plesk.page\/?page_id=1773"},"modified":"2024-04-18T09:45:55","modified_gmt":"2024-04-18T09:45:55","slug":"content-user-policy","status":"publish","type":"page","link":"https:\/\/eiyudenchronicle.com\/por\/content-user-policy\/","title":{"rendered":"Pol\u00edtica de Usu\u00e1rio do Conte\u00fado"},"content":{"rendered":"<p>&nbsp;<\/p>\n<p>&nbsp;<\/p>\n<p>&nbsp;<\/p>\n<p style=\"padding-left: 40px;\">505 Games e Rabbit &amp; Bear Studios \u00a0\u00a0Pol\u00edtica de Uso de Conte\u00fado<\/p>\n<p style=\"padding-left: 40px;\">A 505 Games aprecia e valoriza os f\u00e3s que compartilham conte\u00fado de nossos jogos, como v\u00eddeos, imagens e capturas de tela online. No entanto, solicitamos gentilmente que voc\u00ea considere algumas diretrizes importantes, conforme descrito neste Pol\u00edtica de Uso de Material, especificamente em rela\u00e7\u00e3o a Eiyuden Chronicle: Hundred Heroes, Eiyuden Chronicle: Rising e a franquia e marca Eiyuden Chronicle.<\/p>\n<p style=\"padding-left: 40px;\">A 505 Games e a Rabbit &amp; Bear Studios reservamse o direito de contestar qualquer utiliza\u00e7\u00e3o dos materiais e podem enviar solicita\u00e7\u00f5es de remo\u00e7\u00e3o para hosts externos que exibam tal conte\u00fado. As regras gerais a seguir orientam nossas decis\u00f5es:<\/p>\n<p style=\"padding-left: 40px;\">Veja a seguir o uso aceit\u00e1vel de imagens e v\u00eddeos de Eiyuden Chronicle:<\/p>\n<ol>\n<li style=\"list-style-type: none;\">\n<ol>\n<li>Compartilhar v\u00eddeos, incluindo aqueles com m\u00fasica de fundo, para fins n\u00e3o comerciais em plataformas de compartilhamento de v\u00eddeos como YouTube, Twitch, Facebook, TikTok, Instagram e outros. Cobrar taxas para visualizar ou acessar quaisquer Materiais \u00e9 proibido. No entanto, a monetiza\u00e7\u00e3o por meio de publicidade em programas operados pela plataforma (por exemplo, YouTube, Twitch etc.) \u00e9 permitida.<\/li>\n<\/ol>\n<\/li>\n<\/ol>\n<ol>\n<li style=\"list-style-type: none;\">\n<ol start=\"2\">\n<li>Compartilhar URLs de imagens e v\u00eddeos para fins n\u00e3o comerciais em p\u00e1ginas pessoais, blogs e servi\u00e7os de redes sociais \u00e9 permitido. No entanto, compartilhar em p\u00e1ginas corporativas ou organizacionais, blogs ou servi\u00e7os de redes sociais (que n\u00e3o s\u00e3o de propriedade de um indiv\u00edduo) \u00e9 considerado uso comercial e n\u00e3o \u00e9 permitido.<\/li>\n<\/ol>\n<\/li>\n<\/ol>\n<p style=\"padding-left: 40px;\">Orienta\u00e7\u00e3o geral sobre conte\u00fado:<\/p>\n<ul>\n<li style=\"list-style-type: none;\">\n<ul>\n<li data-leveltext=\"-\" data-font=\"Aptos\" data-listid=\"4\" data-list-defn-props=\"{&quot;335551671&quot;:0,&quot;335552541&quot;:1,&quot;335559685&quot;:720,&quot;335559991&quot;:360,&quot;469769226&quot;:&quot;Aptos&quot;,&quot;469769242&quot;:[8226],&quot;469777803&quot;:&quot;left&quot;,&quot;469777804&quot;:&quot;-&quot;,&quot;469777815&quot;:&quot;hybridMultilevel&quot;}\" aria-setsize=\"-1\" data-aria-posinset=\"0\" data-aria-level=\"1\">Evite spoilers: marque o conte\u00fado contendo detalhes importantes da trama com avisos claros de spoilers para preservar a divers\u00e3o de outros jogadores.<\/li>\n<li data-leveltext=\"-\" data-font=\"Aptos\" data-listid=\"4\" data-list-defn-props=\"{&quot;335551671&quot;:0,&quot;335552541&quot;:1,&quot;335559685&quot;:720,&quot;335559991&quot;:360,&quot;469769226&quot;:&quot;Aptos&quot;,&quot;469769242&quot;:[8226],&quot;469777803&quot;:&quot;left&quot;,&quot;469777804&quot;:&quot;-&quot;,&quot;469777815&quot;:&quot;hybridMultilevel&quot;}\" aria-setsize=\"-1\" data-aria-posinset=\"0\" data-aria-level=\"1\">Respeite as se\u00e7\u00f5es sem grava\u00e7\u00e3o, exceto para o final, na plataforma que est\u00e1 sendo usada..<\/li>\n<li data-leveltext=\"-\" data-font=\"Aptos\" data-listid=\"4\" data-list-defn-props=\"{&quot;335551671&quot;:0,&quot;335552541&quot;:1,&quot;335559685&quot;:720,&quot;335559991&quot;:360,&quot;469769226&quot;:&quot;Aptos&quot;,&quot;469769242&quot;:[8226],&quot;469777803&quot;:&quot;left&quot;,&quot;469777804&quot;:&quot;-&quot;,&quot;469777815&quot;:&quot;hybridMultilevel&quot;}\" aria-setsize=\"-1\" data-aria-posinset=\"0\" data-aria-level=\"1\">Pro\u00edba a cria\u00e7\u00e3o de conte\u00fado de v\u00eddeo editado ou listas de reprodu\u00e7\u00e3o exclusivamente com cenas cinematogr\u00e1ficas ou m\u00fasica do jogo.<\/li>\n<li data-leveltext=\"-\" data-font=\"Aptos\" data-listid=\"4\" data-list-defn-props=\"{&quot;335551671&quot;:0,&quot;335552541&quot;:1,&quot;335559685&quot;:720,&quot;335559991&quot;:360,&quot;469769226&quot;:&quot;Aptos&quot;,&quot;469769242&quot;:[8226],&quot;469777803&quot;:&quot;left&quot;,&quot;469777804&quot;:&quot;-&quot;,&quot;469777815&quot;:&quot;hybridMultilevel&quot;}\" aria-setsize=\"-1\" data-aria-posinset=\"0\" data-aria-level=\"1\">N\u00e3o altere ou modifique o conte\u00fado do jogo, exceto ao adicionar avatares, dublagens, textos e outros elementos padr\u00e3o de compartilhamento.<\/li>\n<li data-leveltext=\"-\" data-font=\"Aptos\" data-listid=\"4\" data-list-defn-props=\"{&quot;335551671&quot;:0,&quot;335552541&quot;:1,&quot;335559685&quot;:720,&quot;335559991&quot;:360,&quot;469769226&quot;:&quot;Aptos&quot;,&quot;469769242&quot;:[8226],&quot;469777803&quot;:&quot;left&quot;,&quot;469777804&quot;:&quot;-&quot;,&quot;469777815&quot;:&quot;hybridMultilevel&quot;}\" aria-setsize=\"-1\" data-aria-posinset=\"0\" data-aria-level=\"1\">Abstenhase de reproduzir o conte\u00fado compartilhado al\u00e9m do escopo delineado nestas diretrizes, como em forma de livro.<\/li>\n<li data-leveltext=\"-\" data-font=\"Aptos\" data-listid=\"4\" data-list-defn-props=\"{&quot;335551671&quot;:0,&quot;335552541&quot;:1,&quot;335559685&quot;:720,&quot;335559991&quot;:360,&quot;469769226&quot;:&quot;Aptos&quot;,&quot;469769242&quot;:[8226],&quot;469777803&quot;:&quot;left&quot;,&quot;469777804&quot;:&quot;-&quot;,&quot;469777815&quot;:&quot;hybridMultilevel&quot;}\" aria-setsize=\"-1\" data-aria-posinset=\"0\" data-aria-level=\"1\">Evite remixar materiais da 505 Games com outros para evitar confus\u00e3o sobre a propriedade do conte\u00fado.<\/li>\n<li data-leveltext=\"-\" data-font=\"Aptos\" data-listid=\"4\" data-list-defn-props=\"{&quot;335551671&quot;:0,&quot;335552541&quot;:1,&quot;335559685&quot;:720,&quot;335559991&quot;:360,&quot;469769226&quot;:&quot;Aptos&quot;,&quot;469769242&quot;:[8226],&quot;469777803&quot;:&quot;left&quot;,&quot;469777804&quot;:&quot;-&quot;,&quot;469777815&quot;:&quot;hybridMultilevel&quot;}\" aria-setsize=\"-1\" data-aria-posinset=\"0\" data-aria-level=\"1\">Declare claramente se o conte\u00fado n\u00e3o oficial n\u00e3o for patrocinado ou endossado pela 505 Games.<\/li>\n<\/ul>\n<\/li>\n<\/ul>\n<ul>\n<li style=\"list-style-type: none;\">\n<ul>\n<li data-leveltext=\"-\" data-font=\"Aptos\" data-listid=\"4\" data-list-defn-props=\"{&quot;335551671&quot;:0,&quot;335552541&quot;:1,&quot;335559685&quot;:720,&quot;335559991&quot;:360,&quot;469769226&quot;:&quot;Aptos&quot;,&quot;469769242&quot;:[8226],&quot;469777803&quot;:&quot;left&quot;,&quot;469777804&quot;:&quot;-&quot;,&quot;469777815&quot;:&quot;hybridMultilevel&quot;}\" aria-setsize=\"-1\" data-aria-posinset=\"0\" data-aria-level=\"1\">Evite compartilhar Materiais em sites ou servi\u00e7os pagos.<\/li>\n<li data-leveltext=\"-\" data-font=\"Aptos\" data-listid=\"4\" data-list-defn-props=\"{&quot;335551671&quot;:0,&quot;335552541&quot;:1,&quot;335559685&quot;:720,&quot;335559991&quot;:360,&quot;469769226&quot;:&quot;Aptos&quot;,&quot;469769242&quot;:[8226],&quot;469777803&quot;:&quot;left&quot;,&quot;469777804&quot;:&quot;-&quot;,&quot;469777815&quot;:&quot;hybridMultilevel&quot;}\" aria-setsize=\"-1\" data-aria-posinset=\"0\" data-aria-level=\"1\">N\u00e3o utilize os Materiais para fins comerciais, exceto dentro de programas de parceiros operados pelo YouTube, Twitch ou plataformas similares. Encaminhe qualquer operador de programa que buscar confirma\u00e7\u00e3o de nossa pol\u00edtica para estas Diretrizes. Solicita\u00e7\u00f5es individuais n\u00e3o ser\u00e3o tratadas pela 505 GAMES.<\/li>\n<li data-leveltext=\"-\" data-font=\"Aptos\" data-listid=\"4\" data-list-defn-props=\"{&quot;335551671&quot;:0,&quot;335552541&quot;:1,&quot;335559685&quot;:720,&quot;335559991&quot;:360,&quot;469769226&quot;:&quot;Aptos&quot;,&quot;469769242&quot;:[8226],&quot;469777803&quot;:&quot;left&quot;,&quot;469777804&quot;:&quot;-&quot;,&quot;469777815&quot;:&quot;hybridMultilevel&quot;}\" aria-setsize=\"-1\" data-aria-posinset=\"0\" data-aria-level=\"1\">Abstenhase de compartilhar Materiais em sites ou servi\u00e7os destinados a maiores de 18 anos, sites ilegais ou imorais e plataformas relacionadas a atividades religiosas, pol\u00edticas ou antissociais.<\/li>\n<li data-leveltext=\"-\" data-font=\"Aptos\" data-listid=\"4\" data-list-defn-props=\"{&quot;335551671&quot;:0,&quot;335552541&quot;:1,&quot;335559685&quot;:720,&quot;335559991&quot;:360,&quot;469769226&quot;:&quot;Aptos&quot;,&quot;469769242&quot;:[8226],&quot;469777803&quot;:&quot;left&quot;,&quot;469777804&quot;:&quot;-&quot;,&quot;469777815&quot;:&quot;hybridMultilevel&quot;}\" aria-setsize=\"-1\" data-aria-posinset=\"0\" data-aria-level=\"1\">Evite difamar jogadores.<\/li>\n<li data-leveltext=\"-\" data-font=\"Aptos\" data-listid=\"4\" data-list-defn-props=\"{&quot;335551671&quot;:0,&quot;335552541&quot;:1,&quot;335559685&quot;:720,&quot;335559991&quot;:360,&quot;469769226&quot;:&quot;Aptos&quot;,&quot;469769242&quot;:[8226],&quot;469777803&quot;:&quot;left&quot;,&quot;469777804&quot;:&quot;-&quot;,&quot;469777815&quot;:&quot;hybridMultilevel&quot;}\" aria-setsize=\"-1\" data-aria-posinset=\"0\" data-aria-level=\"1\">Cumpra prontamente qualquer pedido de remo\u00e7\u00e3o da 505 Games e da Rabbit &amp; Bear Studios, independentemente do motivo fornecido.<\/li>\n<li data-leveltext=\"-\" data-font=\"Aptos\" data-listid=\"4\" data-list-defn-props=\"{&quot;335551671&quot;:0,&quot;335552541&quot;:1,&quot;335559685&quot;:720,&quot;335559991&quot;:360,&quot;469769226&quot;:&quot;Aptos&quot;,&quot;469769242&quot;:[8226],&quot;469777803&quot;:&quot;left&quot;,&quot;469777804&quot;:&quot;-&quot;,&quot;469777815&quot;:&quot;hybridMultilevel&quot;}\" aria-setsize=\"-1\" data-aria-posinset=\"0\" data-aria-level=\"1\">Obtenha o consentimento dos jogadores antes de compartilhar conte\u00fado que exiba os nomes de outros jogadores; se o consentimento n\u00e3o for poss\u00edvel, oculte os nomes com mosaico ou outros meios.<\/li>\n<li data-leveltext=\"-\" data-font=\"Aptos\" data-listid=\"4\" data-list-defn-props=\"{&quot;335551671&quot;:0,&quot;335552541&quot;:1,&quot;335559685&quot;:720,&quot;335559991&quot;:360,&quot;469769226&quot;:&quot;Aptos&quot;,&quot;469769242&quot;:[8226],&quot;469777803&quot;:&quot;left&quot;,&quot;469777804&quot;:&quot;-&quot;,&quot;469777815&quot;:&quot;hybridMultilevel&quot;}\" aria-setsize=\"-1\" data-aria-posinset=\"0\" data-aria-level=\"1\">Evite o compartilhamento do jogo que revele as IDs de outros jogadores.<\/li>\n<li data-leveltext=\"-\" data-font=\"Aptos\" data-listid=\"4\" data-list-defn-props=\"{&quot;335551671&quot;:0,&quot;335552541&quot;:1,&quot;335559685&quot;:720,&quot;335559991&quot;:360,&quot;469769226&quot;:&quot;Aptos&quot;,&quot;469769242&quot;:[8226],&quot;469777803&quot;:&quot;left&quot;,&quot;469777804&quot;:&quot;-&quot;,&quot;469777815&quot;:&quot;hybridMultilevel&quot;}\" aria-setsize=\"-1\" data-aria-posinset=\"0\" data-aria-level=\"1\">Compartilhe sua ID ou informa\u00e7\u00f5es pessoais por sua pr\u00f3pria conta e risco; a 505 Games e a Rabbit &amp; Bear Studios n\u00e3o oferecem representa\u00e7\u00e3o ou garantia em rela\u00e7\u00e3o ao conte\u00fado e se isentam de responsabilidade por quaisquer danos ou les\u00f5es resultantes.<\/li>\n<li data-leveltext=\"-\" data-font=\"Aptos\" data-listid=\"4\" data-list-defn-props=\"{&quot;335551671&quot;:0,&quot;335552541&quot;:1,&quot;335559685&quot;:720,&quot;335559991&quot;:360,&quot;469769226&quot;:&quot;Aptos&quot;,&quot;469769242&quot;:[8226],&quot;469777803&quot;:&quot;left&quot;,&quot;469777804&quot;:&quot;-&quot;,&quot;469777815&quot;:&quot;hybridMultilevel&quot;}\" aria-setsize=\"-1\" data-aria-posinset=\"0\" data-aria-level=\"1\">Resolva disputas com terceiros decorrentes do seu uso do conte\u00fado por sua pr\u00f3pria responsabilidade e custo.<\/li>\n<\/ul>\n<\/li>\n<\/ul>\n<p style=\"padding-left: 40px;\">O n\u00e3o cumprimento destas diretrizes pode resultar na obje\u00e7\u00e3o da 505 Games ao uso dos Materiais e pode levar \u00e0 suspens\u00e3o tempor\u00e1ria ou permanente do uso do jogo. A 505 Games se reserva o direito de modificar estas Diretrizes segundo seu crit\u00e9rio exclusivo sem aviso pr\u00e9vio, e os usu\u00e1rios podem receber a solicita\u00e7\u00e3o de remo\u00e7\u00e3o de conte\u00fados que j\u00e1 n\u00e3o estejam em conformidade com as Diretrizes atualizadas.<\/p>","protected":false},"excerpt":{"rendered":"<p>&nbsp; &nbsp; &nbsp; 505 Games and Rabbit &#038; Bear Studios\u00a0Content Usage Policy 505 Games appreciates and values fans sharing content from our games, such as videos, images, and screenshots online. However, we kindly request your consideration of a few important guidelines, as outlined in this Material Usage Policy specifically in regard to Eiyuden Chronicle Hundred [&hellip;]<\/p>","protected":false},"author":5,"featured_media":0,"parent":0,"menu_order":0,"comment_status":"closed","ping_status":"closed","template":"template-page-builder.php","meta":{"_acf_changed":false,"footnotes":""},"class_list":["post-1773","page","type-page","status-publish","hentry"],"acf":[],"yoast_head":"<!-- This site is optimized with the Yoast SEO plugin v25.3.1 - https:\/\/yoast.com\/wordpress\/plugins\/seo\/ -->\n<title>Content User Policy - Eiyuden Chronicle - \u767e\u82f1\u96c4\u4f1d<\/title>\n<meta name=\"robots\" content=\"index, follow, max-snippet:-1, max-image-preview:large, max-video-preview:-1\" \/>\n<link rel=\"canonical\" href=\"https:\/\/eiyudenchronicle.com\/por\/content-user-policy\/\" \/>\n<meta property=\"og:locale\" content=\"pt_BR\" \/>\n<meta property=\"og:type\" content=\"article\" \/>\n<meta property=\"og:title\" content=\"Content User Policy - Eiyuden Chronicle - \u767e\u82f1\u96c4\u4f1d\" \/>\n<meta property=\"og:description\" content=\"&nbsp; &nbsp; &nbsp; 505 Games and Rabbit &#038; Bear Studios\u00a0Content Usage Policy 505 Games appreciates and values fans sharing content from our games, such as videos, images, and screenshots online. However, we kindly request your consideration of a few important guidelines, as outlined in this Material Usage Policy specifically in regard to Eiyuden Chronicle Hundred [&hellip;]\" \/>\n<meta property=\"og:url\" content=\"https:\/\/eiyudenchronicle.com\/por\/content-user-policy\/\" \/>\n<meta property=\"og:site_name\" content=\"Eiyuden Chronicle - \u767e\u82f1\u96c4\u4f1d\" \/>\n<meta property=\"article:modified_time\" content=\"2024-04-18T09:45:55+00:00\" \/>\n<meta name=\"twitter:card\" content=\"summary_large_image\" \/>\n<meta name=\"twitter:label1\" content=\"Est. tempo de leitura\" \/>\n\t<meta name=\"twitter:data1\" content=\"3 minutos\" \/>\n<script type=\"application\/ld+json\" class=\"yoast-schema-graph\">{\"@context\":\"https:\/\/schema.org\",\"@graph\":[{\"@type\":\"WebPage\",\"@id\":\"https:\/\/eiyudenchronicle.com\/content-user-policy\/\",\"url\":\"https:\/\/eiyudenchronicle.com\/content-user-policy\/\",\"name\":\"Content User Policy - Eiyuden Chronicle - \u767e\u82f1\u96c4\u4f1d\",\"isPartOf\":{\"@id\":\"https:\/\/eiyudenchronicle.com\/#website\"},\"datePublished\":\"2024-03-14T12:24:39+00:00\",\"dateModified\":\"2024-04-18T09:45:55+00:00\",\"breadcrumb\":{\"@id\":\"https:\/\/eiyudenchronicle.com\/content-user-policy\/#breadcrumb\"},\"inLanguage\":\"pt-BR\",\"potentialAction\":[{\"@type\":\"ReadAction\",\"target\":[\"https:\/\/eiyudenchronicle.com\/content-user-policy\/\"]}]},{\"@type\":\"BreadcrumbList\",\"@id\":\"https:\/\/eiyudenchronicle.com\/content-user-policy\/#breadcrumb\",\"itemListElement\":[{\"@type\":\"ListItem\",\"position\":1,\"name\":\"Home\",\"item\":\"https:\/\/eiyudenchronicle.com\/\"},{\"@type\":\"ListItem\",\"position\":2,\"name\":\"Content User Policy\"}]},{\"@type\":\"WebSite\",\"@id\":\"https:\/\/eiyudenchronicle.com\/#website\",\"url\":\"https:\/\/eiyudenchronicle.com\/\",\"name\":\"Eiyuden Chronicle\",\"description\":\"\",\"publisher\":{\"@id\":\"https:\/\/eiyudenchronicle.com\/#organization\"},\"potentialAction\":[{\"@type\":\"SearchAction\",\"target\":{\"@type\":\"EntryPoint\",\"urlTemplate\":\"https:\/\/eiyudenchronicle.com\/?s={search_term_string}\"},\"query-input\":{\"@type\":\"PropertyValueSpecification\",\"valueRequired\":true,\"valueName\":\"search_term_string\"}}],\"inLanguage\":\"pt-BR\"},{\"@type\":\"Organization\",\"@id\":\"https:\/\/eiyudenchronicle.com\/#organization\",\"name\":\"Eiyuden Chronicles\",\"url\":\"https:\/\/eiyudenchronicle.com\/\",\"logo\":{\"@type\":\"ImageObject\",\"inLanguage\":\"pt-BR\",\"@id\":\"https:\/\/eiyudenchronicle.com\/#\/schema\/logo\/image\/\",\"url\":\"https:\/\/eiyudenchronicle.com\/wp-content\/uploads\/2021\/06\/Announce.png\",\"contentUrl\":\"https:\/\/eiyudenchronicle.com\/wp-content\/uploads\/2021\/06\/Announce.png\",\"width\":1920,\"height\":753,\"caption\":\"Eiyuden Chronicles\"},\"image\":{\"@id\":\"https:\/\/eiyudenchronicle.com\/#\/schema\/logo\/image\/\"}}]}<\/script>\n<!-- \/ Yoast SEO plugin. -->","yoast_head_json":{"title":"Content User Policy - Eiyuden Chronicle - \u767e\u82f1\u96c4\u4f1d","robots":{"index":"index","follow":"follow","max-snippet":"max-snippet:-1","max-image-preview":"max-image-preview:large","max-video-preview":"max-video-preview:-1"},"canonical":"https:\/\/eiyudenchronicle.com\/por\/content-user-policy\/","og_locale":"pt_BR","og_type":"article","og_title":"Content User Policy - Eiyuden Chronicle - \u767e\u82f1\u96c4\u4f1d","og_description":"&nbsp; &nbsp; &nbsp; 505 Games and Rabbit &#038; Bear Studios\u00a0Content Usage Policy 505 Games appreciates and values fans sharing content from our games, such as videos, images, and screenshots online. However, we kindly request your consideration of a few important guidelines, as outlined in this Material Usage Policy specifically in regard to Eiyuden Chronicle Hundred [&hellip;]","og_url":"https:\/\/eiyudenchronicle.com\/por\/content-user-policy\/","og_site_name":"Eiyuden Chronicle - \u767e\u82f1\u96c4\u4f1d","article_modified_time":"2024-04-18T09:45:55+00:00","twitter_card":"summary_large_image","twitter_misc":{"Est. tempo de leitura":"3 minutos"},"schema":{"@context":"https:\/\/schema.org","@graph":[{"@type":"WebPage","@id":"https:\/\/eiyudenchronicle.com\/content-user-policy\/","url":"https:\/\/eiyudenchronicle.com\/content-user-policy\/","name":"Content User Policy - Eiyuden Chronicle - \u767e\u82f1\u96c4\u4f1d","isPartOf":{"@id":"https:\/\/eiyudenchronicle.com\/#website"},"datePublished":"2024-03-14T12:24:39+00:00","dateModified":"2024-04-18T09:45:55+00:00","breadcrumb":{"@id":"https:\/\/eiyudenchronicle.com\/content-user-policy\/#breadcrumb"},"inLanguage":"pt-BR","potentialAction":[{"@type":"ReadAction","target":["https:\/\/eiyudenchronicle.com\/content-user-policy\/"]}]},{"@type":"BreadcrumbList","@id":"https:\/\/eiyudenchronicle.com\/content-user-policy\/#breadcrumb","itemListElement":[{"@type":"ListItem","position":1,"name":"Home","item":"https:\/\/eiyudenchronicle.com\/"},{"@type":"ListItem","position":2,"name":"Content User Policy"}]},{"@type":"WebSite","@id":"https:\/\/eiyudenchronicle.com\/#website","url":"https:\/\/eiyudenchronicle.com\/","name":"Eiyuden Chronicle","description":"","publisher":{"@id":"https:\/\/eiyudenchronicle.com\/#organization"},"potentialAction":[{"@type":"SearchAction","target":{"@type":"EntryPoint","urlTemplate":"https:\/\/eiyudenchronicle.com\/?s={search_term_string}"},"query-input":{"@type":"PropertyValueSpecification","valueRequired":true,"valueName":"search_term_string"}}],"inLanguage":"pt-BR"},{"@type":"Organization","@id":"https:\/\/eiyudenchronicle.com\/#organization","name":"Eiyuden Chronicles","url":"https:\/\/eiyudenchronicle.com\/","logo":{"@type":"ImageObject","inLanguage":"pt-BR","@id":"https:\/\/eiyudenchronicle.com\/#\/schema\/logo\/image\/","url":"https:\/\/eiyudenchronicle.com\/wp-content\/uploads\/2021\/06\/Announce.png","contentUrl":"https:\/\/eiyudenchronicle.com\/wp-content\/uploads\/2021\/06\/Announce.png","width":1920,"height":753,"caption":"Eiyuden Chronicles"},"image":{"@id":"https:\/\/eiyudenchronicle.com\/#\/schema\/logo\/image\/"}}]}},"_links":{"self":[{"href":"https:\/\/eiyudenchronicle.com\/por\/wp-json\/wp\/v2\/pages\/1773","targetHints":{"allow":["GET"]}}],"collection":[{"href":"https:\/\/eiyudenchronicle.com\/por\/wp-json\/wp\/v2\/pages"}],"about":[{"href":"https:\/\/eiyudenchronicle.com\/por\/wp-json\/wp\/v2\/types\/page"}],"author":[{"embeddable":true,"href":"https:\/\/eiyudenchronicle.com\/por\/wp-json\/wp\/v2\/users\/5"}],"replies":[{"embeddable":true,"href":"https:\/\/eiyudenchronicle.com\/por\/wp-json\/wp\/v2\/comments?post=1773"}],"version-history":[{"count":13,"href":"https:\/\/eiyudenchronicle.com\/por\/wp-json\/wp\/v2\/pages\/1773\/revisions"}],"predecessor-version":[{"id":2215,"href":"https:\/\/eiyudenchronicle.com\/por\/wp-json\/wp\/v2\/pages\/1773\/revisions\/2215"}],"wp:attachment":[{"href":"https:\/\/eiyudenchronicle.com\/por\/wp-json\/wp\/v2\/media?parent=1773"}],"curies":[{"name":"wp","href":"https:\/\/api.w.org\/{rel}","templated":true}]}}